{"id":1174,"date":"2018-08-09T13:10:15","date_gmt":"2018-08-09T11:10:15","guid":{"rendered":"http:\/\/beta.c6-tooling.de\/?page_id=1174"},"modified":"2018-08-16T08:20:12","modified_gmt":"2018-08-16T06:20:12","slug":"philosophy","status":"publish","type":"page","link":"https:\/\/www.c6-tooling.de\/en\/company\/philosophy\/","title":{"rendered":"Philosophy"},"content":{"rendered":"<p>[vc_row css_animation=&#8221;&#8221; row_type=&#8221;row&#8221; use_row_as_full_screen_section=&#8221;no&#8221; type=&#8221;grid&#8221; angled_section=&#8221;no&#8221; text_align=&#8221;left&#8221; background_image_as_pattern=&#8221;without_pattern&#8221; padding_top=&#8221;100&#8243; padding_bottom=&#8221;100&#8243; z_index=&#8221;&#8221;][vc_column width=&#8221;1\/2&#8243;][vc_column_text]<\/p>\n<h2>Our <span style=\"color: #e02925;\">Vision<\/span><\/h2>\n<p>[\/vc_column_text][vc_empty_space height=&#8221;21px&#8221;][vc_column_text]C6 GmbH is a first-class partner for its customers in all matters for the optimal and most economical solution of their tasks.<\/p>\n<p>&nbsp;<\/p>\n<p>This high standard motivates us every day to do our best for our customers. The clever use of our experience and competence ensures your and not least our success. We see openness, honesty and fairness as a guarantee for constructive and long-term customer relationships.[\/vc_column_text][vc_empty_space][vc_column_text]<\/p>\n<h4>Your task &#8211; our solution<\/h4>\n<p>[\/vc_column_text][vc_empty_space height=&#8221;12px&#8221;][vc_column_text]Zugeschnittene Probleml\u00f6ser f\u00fcr die <a href=\"\/?p=497\">Hochleistungszerspanung<\/a> sowie <a href=\"\/?page_id=521\">Komplettl\u00f6sungen<\/a> f\u00fcr komplexe Bearbeitungen von Leichtbauwerkstoffen.<\/p>\n<p>&nbsp;<\/p>\n<p>Bausteine hierzu sind <a href=\"\/?p=536\">Zerspan-Aggregate<\/a> und abgestimmte Werkzeugl\u00f6sungen sowie deren sinnvolle Kombination. Die wirtschaftliche L\u00f6sung Ihrer Aufgabe steht im Vordergrund unserer Bem\u00fchungen![\/vc_column_text][\/vc_column][vc_column width=&#8221;1\/2&#8243;][vc_single_image image=&#8221;1898&#8243; img_size=&#8221;full&#8221; qode_css_animation=&#8221;&#8221;][vc_empty_space][\/vc_column][\/vc_row]<\/p>\n","protected":false},"excerpt":{"rendered":"<p>[vc_row css_animation=&#8221;&#8221; row_type=&#8221;row&#8221; use_row_as_full_screen_section=&#8221;no&#8221; type=&#8221;grid&#8221; angled_section=&#8221;no&#8221; text_align=&#8221;left&#8221; background_image_as_pattern=&#8221;without_pattern&#8221; padding_top=&#8221;100&#8243; padding_bottom=&#8221;100&#8243; z_index=&#8221;&#8221;][vc_column width=&#8221;1\/2&#8243;][vc_column_text] Our Vision [\/vc_column_text][vc_empty_space height=&#8221;21px&#8221;][vc_column_text]C6 GmbH is a first-class partner for its customers in all matters for the optimal and most economical solution of their tasks. &nbsp; This high standard motivates us every day&#8230;<\/p>\n","protected":false},"author":1,"featured_media":0,"parent":1084,"menu_order":0,"comment_status":"closed","ping_status":"closed","template":"full_width.php","meta":{"inline_featured_image":false,"footnotes":""},"_links":{"self":[{"href":"https:\/\/www.c6-tooling.de\/en\/wp-json\/wp\/v2\/pages\/1174"}],"collection":[{"href":"https:\/\/www.c6-tooling.de\/en\/wp-json\/wp\/v2\/pages"}],"about":[{"href":"https:\/\/www.c6-tooling.de\/en\/wp-json\/wp\/v2\/types\/page"}],"author":[{"embeddable":true,"href":"https:\/\/www.c6-tooling.de\/en\/wp-json\/wp\/v2\/users\/1"}],"replies":[{"embeddable":true,"href":"https:\/\/www.c6-tooling.de\/en\/wp-json\/wp\/v2\/comments?post=1174"}],"version-history":[{"count":3,"href":"https:\/\/www.c6-tooling.de\/en\/wp-json\/wp\/v2\/pages\/1174\/revisions"}],"predecessor-version":[{"id":2096,"href":"https:\/\/www.c6-tooling.de\/en\/wp-json\/wp\/v2\/pages\/1174\/revisions\/2096"}],"up":[{"embeddable":true,"href":"https:\/\/www.c6-tooling.de\/en\/wp-json\/wp\/v2\/pages\/1084"}],"wp:attachment":[{"href":"https:\/\/www.c6-tooling.de\/en\/wp-json\/wp\/v2\/media?parent=1174"}],"curies":[{"name":"wp","href":"https:\/\/api.w.org\/{rel}","templated":true}]}}