{"id":4967,"date":"2023-08-24T10:08:40","date_gmt":"2023-08-24T08:08:40","guid":{"rendered":"https:\/\/www.c6-tooling.de\/soluciones-industriales\/"},"modified":"2023-08-24T10:10:23","modified_gmt":"2023-08-24T08:10:23","slug":"soluciones-industriales","status":"publish","type":"page","link":"https:\/\/www.c6-tooling.de\/es\/soluciones-industriales\/","title":{"rendered":"Soluciones Industriales"},"content":{"rendered":"<p>[vc_row css_animation=\u00bb\u00bb row_type=\u00bbrow\u00bb use_row_as_full_screen_section=\u00bbno\u00bb type=\u00bbfull_width\u00bb anchor=\u00bbautomotive\u00bb angled_section=\u00bbno\u00bb text_align=\u00bbleft\u00bb background_image_as_pattern=\u00bbwithout_pattern\u00bb z_index=\u00bb\u00bb][vc_column][qode_elements_holder number_of_columns=\u00bbtwo_columns\u00bb][qode_elements_holder_item background_image=\u00bb1868&#8243; cover=\u00bbyes\u00bb advanced_animations=\u00bbno\u00bb item_padding_600_768=\u00bb250px 0px\u00bb item_padding_480_600=\u00bb200px 0px\u00bb item_padding_480=\u00bb200px 0px\u00bb][\/qode_elements_holder_item][qode_elements_holder_item item_padding=\u00bb160px 20%\u00bb advanced_animations=\u00bbno\u00bb item_padding_1280_1440=\u00bb115px 11% 105px 10%\u00bb item_padding_1024_1280=\u00bb110px 10% 105px 9%\u00bb item_padding_768_1024=\u00bb85px 10% 70px\u00bb item_padding_600_768=\u00bb110px 13% 100px\u00bb item_padding_480_600=\u00bb80px 10%\u00bb item_padding_480=\u00bb80px 10%\u00bb][vc_column_text]<\/p>\n<h1>Automoci\u00f3n<\/h1>\n<p>[\/vc_column_text][vc_empty_space height=\u00bb21px\u00bb][vc_column_text]Nuestras <a href=\"https:\/\/www.c6-tooling.de\/portfolio_page\/cnc-aggregate\/\">Soluciones en Agregados<\/a> para el mecanizado de componentes de carbono y SMC ofrecen un gran potencial de ahorro. Por ejemplo, las herramientas de prensado pueden ser mucho m\u00e1s rentables al eliminar la necesidad de correderas. Adem\u00e1s, la eliminaci\u00f3n del trabajo de rectificado manual, por ejemplo al introducir radios en los bordes, ahorra personal y aumenta considerablemente la fiabilidad del proceso.<\/p>\n<p>&nbsp;<\/p>\n<div class='q_list circle circle_number animate_list'>\n<ul>\n<li>Mecanizado sin necesidad de retoques de los radios de los bordes en componentes de la carrocer\u00eda, como tapas delanteras o cap\u00f3s.<\/li>\n<li>Inserci\u00f3n sin necesidad de retoques de recortes con radio en los bordes, por ejemplo, en el recorte de una tercera luz de freno<\/li>\n<li>Inserci\u00f3n de ranuras con profundidad tolerada, por ejemplo, ranura para la fijaci\u00f3n de alerones<\/li>\n<li>Taladrado y avellanado en una sola operaci\u00f3n<\/li>\n<li>Fresado y taladrado en lugares inaccesibles<\/li>\n<\/ul>\n<p><\/div>[\/vc_column_text][\/qode_elements_holder_item][\/qode_elements_holder][\/vc_column][\/vc_row][vc_row css_animation=\u00bb\u00bb row_type=\u00bbrow\u00bb use_row_as_full_screen_section=\u00bbno\u00bb type=\u00bbfull_width\u00bb anchor=\u00bbluft-und-raumfahrt\u00bb angled_section=\u00bbno\u00bb text_align=\u00bbleft\u00bb background_image_as_pattern=\u00bbwithout_pattern\u00bb z_index=\u00bb\u00bb][vc_column][qode_elements_holder number_of_columns=\u00bbtwo_columns\u00bb][qode_elements_holder_item background_color=\u00bb#ffffff\u00bb item_padding=\u00bb160px 20%\u00bb advanced_animations=\u00bbno\u00bb item_padding_1280_1440=\u00bb115px 11% 105px 10%\u00bb item_padding_1024_1280=\u00bb110px 10% 105px 9%\u00bb item_padding_768_1024=\u00bb85px 10% 70px\u00bb item_padding_600_768=\u00bb110px 13% 100px\u00bb item_padding_480_600=\u00bb80px 10%\u00bb item_padding_480=\u00bb80px 10%\u00bb][vc_column_text]<\/p>\n<h1>Aeron\u00e1utica y aeroespacial<\/h1>\n<p>[\/vc_column_text][vc_empty_space height=\u00bb26px\u00bb][vc_column_text]Nuestros <a href=\"https:\/\/www.c6-tooling.de\/portfolio_page\/cnc-aggregate\/\">agregados de fresado y avellanado por contacto<\/a> (TFA y TSA) as\u00ed como nuestros <a href=\"https:\/\/www.c6-tooling.de\/portfolio_page\/cnc-aggregate\/\">cabezales angulares,<\/a> se utilizan en todo el mundo para mecanizar econ\u00f3micamente componentes de la industria aeroespacial. Gracias a la eliminaci\u00f3n de las operaciones de medici\u00f3n repetidas y el repaso manual, no son infrecuentes los ahorros en el tiempo de proceso superiores al 85%.<\/p>\n<p>&nbsp;<\/p>\n<div class='q_list circle circle_number animate_list'>\n<ul>\n<li>Avellanado de un solo golpe en materiales compuestos y\/o aluminio<\/li>\n<li>Mecanizado de materiales en forma de nido de abeja en carcasas de motores<\/li>\n<li>Ranurado con profundidad tolerada, por ejemplo, una ranura circunferencial en una carcasa de motor<\/li>\n<li>Fresado y taladrado en lugares inaccesibles<\/li>\n<\/ul>\n<p><\/div>[\/vc_column_text][\/qode_elements_holder_item][qode_elements_holder_item background_image=\u00bb1532&#8243; cover=\u00bbyes\u00bb advanced_animations=\u00bbno\u00bb item_padding_600_768=\u00bb250px 0px\u00bb item_padding_480_600=\u00bb200px 0px\u00bb item_padding_480=\u00bb200px 0px\u00bb][\/qode_elements_holder_item][\/qode_elements_holder][\/vc_column][\/vc_row][vc_row css_animation=\u00bb\u00bb row_type=\u00bbrow\u00bb use_row_as_full_screen_section=\u00bbno\u00bb type=\u00bbfull_width\u00bb anchor=\u00bbschienenverkehr\u00bb angled_section=\u00bbno\u00bb text_align=\u00bbleft\u00bb background_image_as_pattern=\u00bbwithout_pattern\u00bb z_index=\u00bb\u00bb][vc_column][qode_elements_holder number_of_columns=\u00bbtwo_columns\u00bb][qode_elements_holder_item background_image=\u00bb1508&#8243; cover=\u00bbyes\u00bb advanced_animations=\u00bbno\u00bb item_padding_600_768=\u00bb250px 0px\u00bb item_padding_480_600=\u00bb200px 0px\u00bb item_padding_480=\u00bb200px 0px\u00bb][\/qode_elements_holder_item][qode_elements_holder_item item_padding=\u00bb160px 20%\u00bb advanced_animations=\u00bbno\u00bb item_padding_1280_1440=\u00bb115px 11% 105px 10%\u00bb item_padding_1024_1280=\u00bb110px 10% 105px 9%\u00bb item_padding_768_1024=\u00bb85px 10% 70px\u00bb item_padding_600_768=\u00bb110px 13% 100px\u00bb item_padding_480_600=\u00bb80px 10%\u00bb item_padding_480=\u00bb80px 10%\u00bb][vc_column_text]<\/p>\n<h1>Transporte ferroviario<\/h1>\n<p>[\/vc_column_text][vc_empty_space height=\u00bb26px\u00bb][vc_column_text]Utilizando nuestros <a href=\"https:\/\/www.c6-tooling.de\/portfolio_page\/cnc-aggregate\/\">agregados flotantes y cabezales angulares<\/a> , los procesos de mecanizado pueden realizarse de forma mucho m\u00e1s econ\u00f3mica. El objetivo principal en este caso es la reducci\u00f3n dr\u00e1stica de los tiempos de medici\u00f3n y repaso manual o la eliminaci\u00f3n completa de estas actividades.<\/p>\n<p>&nbsp;<\/p>\n<div class='q_list circle circle_number animate_list'>\n<ul>\n<li>Mecanizado de las bandas interiores en los extremos de las paredes laterales<\/li>\n<li>Mecanizado de las bandas interiores de los recortes de ventana<\/li>\n<li>Mecanizado de recortes en los C-perfiles<\/li>\n<li>Nivelaci\u00f3n de los cordones de soldadura<\/li>\n<li>Taladrado y avellanado en una sola operaci\u00f3n<\/li>\n<li>Fresado y taladrado en lugares inaccesibles<\/li>\n<\/ul>\n<p><\/div>[\/vc_column_text][\/qode_elements_holder_item][\/qode_elements_holder][\/vc_column][\/vc_row]<\/p>\n","protected":false},"excerpt":{"rendered":"<p>[vc_row css_animation=\u00bb\u00bb row_type=\u00bbrow\u00bb use_row_as_full_screen_section=\u00bbno\u00bb type=\u00bbfull_width\u00bb anchor=\u00bbautomotive\u00bb angled_section=\u00bbno\u00bb text_align=\u00bbleft\u00bb background_image_as_pattern=\u00bbwithout_pattern\u00bb z_index=\u00bb\u00bb][vc_column][qode_elements_holder number_of_columns=\u00bbtwo_columns\u00bb][qode_elements_holder_item background_image=\u00bb1868&#8243; cover=\u00bbyes\u00bb advanced_animations=\u00bbno\u00bb item_padding_600_768=\u00bb250px 0px\u00bb item_padding_480_600=\u00bb200px 0px\u00bb item_padding_480=\u00bb200px 0px\u00bb][\/qode_elements_holder_item][qode_elements_holder_item item_padding=\u00bb160px 20%\u00bb advanced_animations=\u00bbno\u00bb item_padding_1280_1440=\u00bb115px 11% 105px 10%\u00bb item_padding_1024_1280=\u00bb110px 10% 105px 9%\u00bb item_padding_768_1024=\u00bb85px 10% 70px\u00bb item_padding_600_768=\u00bb110px 13% 100px\u00bb item_padding_480_600=\u00bb80px 10%\u00bb item_padding_480=\u00bb80px 10%\u00bb][vc_column_text] Automoci\u00f3n [\/vc_column_text][vc_empty_space height=\u00bb21px\u00bb][vc_column_text]Nuestras Soluciones&#8230;<\/p>\n","protected":false},"author":1,"featured_media":0,"parent":0,"menu_order":0,"comment_status":"closed","ping_status":"closed","template":"full_width.php","meta":{"inline_featured_image":false,"footnotes":""},"_links":{"self":[{"href":"https:\/\/www.c6-tooling.de\/es\/wp-json\/wp\/v2\/pages\/4967"}],"collection":[{"href":"https:\/\/www.c6-tooling.de\/es\/wp-json\/wp\/v2\/pages"}],"about":[{"href":"https:\/\/www.c6-tooling.de\/es\/wp-json\/wp\/v2\/types\/page"}],"author":[{"embeddable":true,"href":"https:\/\/www.c6-tooling.de\/es\/wp-json\/wp\/v2\/users\/1"}],"replies":[{"embeddable":true,"href":"https:\/\/www.c6-tooling.de\/es\/wp-json\/wp\/v2\/comments?post=4967"}],"version-history":[{"count":8,"href":"https:\/\/www.c6-tooling.de\/es\/wp-json\/wp\/v2\/pages\/4967\/revisions"}],"predecessor-version":[{"id":4975,"href":"https:\/\/www.c6-tooling.de\/es\/wp-json\/wp\/v2\/pages\/4967\/revisions\/4975"}],"wp:attachment":[{"href":"https:\/\/www.c6-tooling.de\/es\/wp-json\/wp\/v2\/media?parent=4967"}],"curies":[{"name":"wp","href":"https:\/\/api.w.org\/{rel}","templated":true}]}}