{"id":4980,"date":"2023-08-24T11:30:53","date_gmt":"2023-08-24T09:30:53","guid":{"rendered":"https:\/\/www.c6-tooling.de\/pie-de-imprenta\/"},"modified":"2023-08-24T11:30:57","modified_gmt":"2023-08-24T09:30:57","slug":"pie-de-imprenta","status":"publish","type":"page","link":"https:\/\/www.c6-tooling.de\/es\/pie-de-imprenta\/","title":{"rendered":"Pie de imprenta"},"content":{"rendered":"<p>[vc_row css_animation=\u00bb\u00bb row_type=\u00bbrow\u00bb use_row_as_full_screen_section=\u00bbno\u00bb type=\u00bbgrid\u00bb angled_section=\u00bbno\u00bb text_align=\u00bbleft\u00bb background_image_as_pattern=\u00bbwithout_pattern\u00bb padding_top=\u00bb100&#8243; padding_bottom=\u00bb150&#8243; z_index=\u00bb\u00bb][vc_column][vc_row_inner row_type=\u00bbrow\u00bb type=\u00bbfull_width\u00bb text_align=\u00bbleft\u00bb padding_bottom=\u00bb50&#8243; css_animation=\u00bb\u00bb][vc_column_inner width=\u00bb1\/2&#8243;][vc_column_text]<\/p>\n<h5>Informaci\u00f3n facilitada con arreglo al art. 5 de la Ley alemana de medios de comunicaci\u00f3n (TMG)<\/h5>\n<p>C6 Composite Tooling GmbH<br \/>\nCarl-Benz-Str. 25<br \/>\n74722 Buchen | Alemania<\/p>\n<p>&nbsp;<\/p>\n<h5>Representada por<\/h5>\n<p>Presidentes: Sebastian Herkert, Claus Stoll<\/p>\n<p>&nbsp;<\/p>\n<h5>Contacto<\/h5>\n<p>Tel\u00e9fono: +49 6281 528129<br \/>\nFax: +49 6281 528188<br \/>\nEmail: <a href=\"mailto:info@c6-tooling.de\">info@c6-tooling.de<\/a><\/p>\n<p>&nbsp;<\/p>\n<h5>Inscripci\u00f3n en el registro<\/h5>\n<p>Inscripci\u00f3n en el registro comercial.<br \/>\nTribunal de registro: Amtsgerichts Mannheim<br \/>\nN\u00famero de registro: HRB 721488[\/vc_column_text][\/vc_column_inner][vc_column_inner width=\u00bb1\/2&#8243;][vc_column_text]<\/p>\n<h5>IVA<\/h5>\n<p>N\u00famero de identificaci\u00f3n a efectos del IVA seg\u00fan el art. 27 a de la Ley alemana del Impuesto sobre el Valor A\u00f1adido:<br \/>\nDE298185721<\/p>\n<h5><\/h5>\n<h5>Resoluci\u00f3n de litigios<\/h5>\n<p>&nbsp;<\/p>\n<p>No estamos dispuestos ni obligados a participar en un procedimiento de resoluci\u00f3n de conflictos ante una junta de arbitraje de consumo.<\/p>\n<p>&nbsp;<\/p>\n<h5>Concepto, dise\u00f1o y programaci\u00f3n<\/h5>\n<p><a href=\"https:\/\/www.systemhaus-joam.de\" target=\"_blank\" rel=\"noopener\">www.systemhaus-joam.de<\/a><\/p>\n<p>&nbsp;<\/p>\n<h5>Licencia de im\u00e1genes<\/h5>\n<p><a href=\"https:\/\/www.istockphoto.com\/de?SearchLang=DE&amp;Currency=3&amp;lang=DE&amp;FromDomain=DE\" target=\"_blank\" rel=\"noopener\">istockphotos.com<\/a><br \/>\n<a href=\"https:\/\/www.shutterstock.com\/home\" target=\"_blank\" rel=\"noopener\">shutterstock.com<\/a><br \/>\n<a href=\"https:\/\/www.thorsten-hennig-fotografie.de\/\" target=\"_blank\" rel=\"noopener\">Thorsten Hennig Fotografie<\/a><br \/>\nC6 Composite Tooling GmbH[\/vc_column_text][\/vc_column_inner][\/vc_row_inner][vc_row_inner row_type=\u00bbrow\u00bb type=\u00bbfull_width\u00bb text_align=\u00bbleft\u00bb css_animation=\u00bb\u00bb][vc_column_inner][vc_column_text]<\/p>\n<h5>Responsabilidad por el contenido<\/h5>\n<p>Como proveedores de servicios, somos responsables de los contenidos propios de estos sitios web de acuerdo con el art. 7, p\u00e1rrafo 1 de la Ley alemana de medios de telecomunicaci\u00f3n (TMG). Sin embargo, seg\u00fan los art\u00edculos 8 a 10 de la Ley alemana de medios de comunicaci\u00f3n (TMG), los proveedores de servicios no est\u00e1n obligados a supervisar permanentemente la informaci\u00f3n enviada o almacenada ni a buscar pruebas que indiquen actividades ilegales.<\/p>\n<p>Las obligaciones legales de eliminar informaci\u00f3n o bloquear el uso de la misma permanecen incuestionables. En este caso, la responsabilidad s\u00f3lo es posible en el momento en que se tiene conocimiento de una infracci\u00f3n concreta de la ley. Los contenidos ilegales se eliminar\u00e1n inmediatamente en el momento en que tengamos conocimiento de ellos.<\/p>\n<p>&nbsp;<\/p>\n<p>&nbsp;<\/p>\n<p>&nbsp;<\/p>\n<h5>Responsabilidad de los enlances<\/h5>\n<p>Nuestra oferta incluye enlaces a sitios web externos de terceros. No tenemos ninguna influencia sobre los contenidos de esos sitios web, por lo que no podemos garantizar dichos contenidos. Los proveedores o administradores de los sitios web enlazados son siempre responsables de sus propios contenidos.<\/p>\n<p>En el momento de establecer el enlace, se comprob\u00f3 que las p\u00e1ginas enlazadas no infringieran la ley. No se detectaron contenidos ilegales en el momento de establecer el enlace. No se puede imponer un control permanente de los contenidos de las p\u00e1ginas enlazadas sin indicios razonables de que se ha producido una infracci\u00f3n de la ley. Los enlaces ilegales se eliminar\u00e1n inmediatamente en el momento en que tengamos conocimiento de ellos.<\/p>\n<p>&nbsp;<\/p>\n<p>&nbsp;<\/p>\n<p>&nbsp;<\/p>\n<h5>Copyright<\/h5>\n<p>Los contenidos y compilaciones publicados en estos sitios web por los proveedores est\u00e1n sujetos a la legislaci\u00f3n alemana sobre derechos de autor. La reproducci\u00f3n, edici\u00f3n, distribuci\u00f3n, as\u00ed como cualquier tipo de uso fuera del \u00e1mbito de la ley de propiedad intelectual requieren un permiso por escrito del autor o creador. Las descargas y copias de estos sitios web s\u00f3lo est\u00e1n permitidas para uso privado.<br \/>\nQueda prohibido el uso comercial de nuestros contenidos sin permiso del autor.<\/p>\n<p>Se respetan los derechos de autor de terceros siempre que los contenidos de estos sitios web no procedan del proveedor. Las contribuciones de terceros en este sitio se indican como tales. No obstante, si observa alguna infracci\u00f3n de la legislaci\u00f3n sobre derechos de autor, le rogamos que nos lo comunique. Dichos contenidos ser\u00e1n retirados inmediatamente.<\/p>\n<p>&nbsp;[\/vc_column_text][\/vc_column_inner][\/vc_row_inner][\/vc_column][\/vc_row]<\/p>\n","protected":false},"excerpt":{"rendered":"<p>[vc_row css_animation=\u00bb\u00bb row_type=\u00bbrow\u00bb use_row_as_full_screen_section=\u00bbno\u00bb type=\u00bbgrid\u00bb angled_section=\u00bbno\u00bb text_align=\u00bbleft\u00bb background_image_as_pattern=\u00bbwithout_pattern\u00bb padding_top=\u00bb100&#8243; padding_bottom=\u00bb150&#8243; z_index=\u00bb\u00bb][vc_column][vc_row_inner row_type=\u00bbrow\u00bb type=\u00bbfull_width\u00bb text_align=\u00bbleft\u00bb padding_bottom=\u00bb50&#8243; css_animation=\u00bb\u00bb][vc_column_inner width=\u00bb1\/2&#8243;][vc_column_text] Informaci\u00f3n facilitada con arreglo al art. 5 de la Ley alemana de medios de comunicaci\u00f3n (TMG) C6 Composite Tooling GmbH Carl-Benz-Str. 25 74722 Buchen | Alemania &nbsp; Representada&#8230;<\/p>\n","protected":false},"author":1,"featured_media":0,"parent":0,"menu_order":0,"comment_status":"closed","ping_status":"closed","template":"full_width.php","meta":{"inline_featured_image":false,"footnotes":""},"_links":{"self":[{"href":"https:\/\/www.c6-tooling.de\/es\/wp-json\/wp\/v2\/pages\/4980"}],"collection":[{"href":"https:\/\/www.c6-tooling.de\/es\/wp-json\/wp\/v2\/pages"}],"about":[{"href":"https:\/\/www.c6-tooling.de\/es\/wp-json\/wp\/v2\/types\/page"}],"author":[{"embeddable":true,"href":"https:\/\/www.c6-tooling.de\/es\/wp-json\/wp\/v2\/users\/1"}],"replies":[{"embeddable":true,"href":"https:\/\/www.c6-tooling.de\/es\/wp-json\/wp\/v2\/comments?post=4980"}],"version-history":[{"count":2,"href":"https:\/\/www.c6-tooling.de\/es\/wp-json\/wp\/v2\/pages\/4980\/revisions"}],"predecessor-version":[{"id":4982,"href":"https:\/\/www.c6-tooling.de\/es\/wp-json\/wp\/v2\/pages\/4980\/revisions\/4982"}],"wp:attachment":[{"href":"https:\/\/www.c6-tooling.de\/es\/wp-json\/wp\/v2\/media?parent=4980"}],"curies":[{"name":"wp","href":"https:\/\/api.w.org\/{rel}","templated":true}]}}