{"id":4996,"date":"2023-08-24T12:37:34","date_gmt":"2023-08-24T10:37:34","guid":{"rendered":"https:\/\/www.c6-tooling.de\/servicios\/agregados\/"},"modified":"2023-08-24T12:37:35","modified_gmt":"2023-08-24T10:37:35","slug":"agregados","status":"publish","type":"page","link":"https:\/\/www.c6-tooling.de\/es\/servicios\/agregados\/","title":{"rendered":"Agregados"},"content":{"rendered":"<p>[vc_row css_animation=\u00bb\u00bb row_type=\u00bbrow\u00bb use_row_as_full_screen_section=\u00bbno\u00bb type=\u00bbgrid\u00bb angled_section=\u00bbno\u00bb text_align=\u00bbleft\u00bb background_image_as_pattern=\u00bbwithout_pattern\u00bb padding_top=\u00bb100&#8243; padding_bottom=\u00bb100&#8243; z_index=\u00bb\u00bb][vc_column width=\u00bb1\/2&#8243;][vc_column_text]<\/p>\n<h2>Servicio <span style=\"color: #e02925;\">Profesional<\/span><\/h2>\n<p>[\/vc_column_text][vc_empty_space height=\u00bb20px\u00bb][vc_column_text]Sus agregados est\u00e1n en las mejores manos con nosotros. T\u00e9cnicos de servicio experimentados ponen sus unidades C6 de nuevo en funcionamiento. Conf\u00ede en la competencia del fabricante!<\/p>\n<p>&nbsp;<\/p>\n<p>&nbsp;<\/p>\n<p>&nbsp;<\/p>\n<h5>Servicios<\/h5>\n<p>&nbsp;<\/p>\n<div class='q_list circle circle_number animate_list'>\n<ul>\n<li>Mantenimiento preventivo para mantener el valor de su unidad<\/li>\n<li>Reparaciones y revisiones, as\u00ed como sustituci\u00f3n de piezas de desgaste (incluidas las de otros fabricantes)<\/li>\n<li>Desde la recepci\u00f3n de la mercanc\u00eda para el an\u00e1lisis de da\u00f1os hasta la elaboraci\u00f3n de un presupuesto suelen transcurrir 24 horas.<\/li>\n<li>Disponibilidad ilimitada de piezas de repuesto para los productos C6<\/li>\n<\/ul>\n<p><\/div>[\/vc_column_text][vc_empty_space]\n\n\t<a href=\"\/en\/contact\/#form\" target=\"_self\" style=\"color: #ffffff;background-color: #e02925\" class=\"qode-btn qode-btn-medium qode-btn-solid qode-btn-custom-hover-bg qode-btn-custom-hover-color qode-btn-custom-icon-bg-hover-color qode-btn-icon qode-btn-icon-rotate\" data-hover-bg-color=\"#e02925\" data-hover-color=\"#ffffff\" >\n\t    <span class=\"qode-btn-text\">Solicitar ahora<\/span><span class=\"qode-button-v2-icon-holder\" style=\"border-color: #ffffff;background-color: #e02925\" data-hover-icon-border-color=\"#ffffff\" data-hover-icon-bg-color=\"#e02925\"><i class=\"qodef-icon-dripicons dripicon dripicons-chevron-right qode-button-v2-icon-holder-inner\" ><\/i><\/span>\t<\/a>\n\n[\/vc_column][vc_column width=\u00bb1\/2&#8243;]<div class=\"qode-cards-gallery-holder right\" data-side=right>\n    <div class=\"qode-cards-gallery\">\n                    <div class=\"card\" >\n                                    <img decoding=\"async\" src=\"#\" alt=\"\" class=\"qode-lazy-image\" data-image=\"https:\/\/www.c6-tooling.de\/wp-content\/uploads\/2018\/08\/0005_1.jpg\" style=\"width:1024px;height:1px\"data-ratio=\"1.302734375\" data-lazy=\"true\" \/>\n                            <\/div>\n                    <div class=\"card\" >\n                                    <img decoding=\"async\" src=\"#\" alt=\"\" class=\"qode-lazy-image\" data-image=\"https:\/\/www.c6-tooling.de\/wp-content\/uploads\/2018\/08\/0004_2.jpg\" style=\"width:1024px;height:1px\"data-ratio=\"1.302734375\" data-lazy=\"true\" \/>\n                            <\/div>\n                    <div class=\"card\" >\n                                    <img decoding=\"async\" src=\"#\" alt=\"\" class=\"qode-lazy-image\" data-image=\"https:\/\/www.c6-tooling.de\/wp-content\/uploads\/2018\/08\/0001_5.jpg\" style=\"width:1024px;height:1px\"data-ratio=\"1.302734375\" data-lazy=\"true\" \/>\n                            <\/div>\n                    <div class=\"card\" >\n                                    <img decoding=\"async\" src=\"#\" alt=\"\" class=\"qode-lazy-image\" data-image=\"https:\/\/www.c6-tooling.de\/wp-content\/uploads\/2018\/08\/0000_6.jpg\" style=\"width:1024px;height:1px\"data-ratio=\"1.302734375\" data-lazy=\"true\" \/>\n                            <\/div>\n                    <div class=\"card\" >\n                                    <img decoding=\"async\" src=\"#\" alt=\"\" class=\"qode-lazy-image\" data-image=\"https:\/\/www.c6-tooling.de\/wp-content\/uploads\/2018\/08\/0003_3.jpg\" style=\"width:1024px;height:1px\"data-ratio=\"1.302734375\" data-lazy=\"true\" \/>\n                            <\/div>\n                    <div class=\"card\" >\n                                    <img decoding=\"async\" src=\"#\" alt=\"\" class=\"qode-lazy-image\" data-image=\"https:\/\/www.c6-tooling.de\/wp-content\/uploads\/2018\/08\/0002_4.jpg\" style=\"width:1024px;height:1px\"data-ratio=\"1.302734375\" data-lazy=\"true\" \/>\n                            <\/div>\n            <\/div>\n    <div class=\"fake_card\">\n        <img decoding=\"async\" src=\"https:\/\/www.c6-tooling.de\/wp-content\/uploads\/2018\/08\/0002_4.jpg\" alt=\"\">\n    <\/div>\n<\/div>[\/vc_column][\/vc_row]<\/p>\n","protected":false},"excerpt":{"rendered":"<p>[vc_row css_animation=\u00bb\u00bb row_type=\u00bbrow\u00bb use_row_as_full_screen_section=\u00bbno\u00bb type=\u00bbgrid\u00bb angled_section=\u00bbno\u00bb text_align=\u00bbleft\u00bb background_image_as_pattern=\u00bbwithout_pattern\u00bb padding_top=\u00bb100&#8243; padding_bottom=\u00bb100&#8243; z_index=\u00bb\u00bb][vc_column width=\u00bb1\/2&#8243;][vc_column_text] Servicio Profesional [\/vc_column_text][vc_empty_space height=\u00bb20px\u00bb][vc_column_text]Sus agregados est\u00e1n en las mejores manos con nosotros. T\u00e9cnicos de servicio experimentados ponen sus unidades C6 de nuevo en funcionamiento. Conf\u00ede en la competencia del fabricante! &nbsp; &nbsp; &nbsp;&#8230;<\/p>\n","protected":false},"author":1,"featured_media":0,"parent":4993,"menu_order":0,"comment_status":"closed","ping_status":"closed","template":"full_width.php","meta":{"inline_featured_image":false,"footnotes":""},"_links":{"self":[{"href":"https:\/\/www.c6-tooling.de\/es\/wp-json\/wp\/v2\/pages\/4996"}],"collection":[{"href":"https:\/\/www.c6-tooling.de\/es\/wp-json\/wp\/v2\/pages"}],"about":[{"href":"https:\/\/www.c6-tooling.de\/es\/wp-json\/wp\/v2\/types\/page"}],"author":[{"embeddable":true,"href":"https:\/\/www.c6-tooling.de\/es\/wp-json\/wp\/v2\/users\/1"}],"replies":[{"embeddable":true,"href":"https:\/\/www.c6-tooling.de\/es\/wp-json\/wp\/v2\/comments?post=4996"}],"version-history":[{"count":2,"href":"https:\/\/www.c6-tooling.de\/es\/wp-json\/wp\/v2\/pages\/4996\/revisions"}],"predecessor-version":[{"id":4998,"href":"https:\/\/www.c6-tooling.de\/es\/wp-json\/wp\/v2\/pages\/4996\/revisions\/4998"}],"up":[{"embeddable":true,"href":"https:\/\/www.c6-tooling.de\/es\/wp-json\/wp\/v2\/pages\/4993"}],"wp:attachment":[{"href":"https:\/\/www.c6-tooling.de\/es\/wp-json\/wp\/v2\/media?parent=4996"}],"curies":[{"name":"wp","href":"https:\/\/api.w.org\/{rel}","templated":true}]}}