{"id":5007,"date":"2023-08-24T14:10:13","date_gmt":"2023-08-24T12:10:13","guid":{"rendered":"https:\/\/www.c6-tooling.de\/servicios\/herramientas\/"},"modified":"2023-08-24T14:10:15","modified_gmt":"2023-08-24T12:10:15","slug":"herramientas","status":"publish","type":"page","link":"https:\/\/www.c6-tooling.de\/es\/servicios\/herramientas\/","title":{"rendered":"Herramientas"},"content":{"rendered":"<p>[vc_row css_animation=\u00bb\u00bb row_type=\u00bbrow\u00bb use_row_as_full_screen_section=\u00bbno\u00bb type=\u00bbgrid\u00bb angled_section=\u00bbno\u00bb text_align=\u00bbleft\u00bb background_image_as_pattern=\u00bbwithout_pattern\u00bb padding_top=\u00bb100&#8243; padding_bottom=\u00bb100&#8243; z_index=\u00bb\u00bb][vc_column width=\u00bb1\/2&#8243;][vc_column_text]<\/p>\n<h2><span style=\"color: #e02925;\">Servicio<\/span> t\u00e9cnico del fabricante<\/h2>\n<p>[\/vc_column_text][vc_empty_space height=\u00bb20px\u00bb][vc_column_text]Conf\u00ede en C6, el fabricante de <a href=\"https:\/\/www.c6-tooling.de\/es\/productos\/\">herramientas de calidad<\/a>, a su servicio. Personal experimentado, equipos de \u00faltima generaci\u00f3n, procesamiento fiable y est\u00e1ndares de calidad como si fueran herramientas nuevas.<\/p>\n<p>&nbsp;<\/p>\n<h5>Servicios<\/h5>\n<p>&nbsp;<\/p>\n<div class='q_list circle circle_number animate_list'>\n<ul>\n<li>Afilado de herramientas metal duro solido<\/li>\n<li>Afilado de herramientas de metal duro<\/li>\n<li>Decapado o recubrimiento de herramientas de metal duro<\/li>\n<li>Recambio de herramientas PCD<\/li>\n<li>Reacondicionamiento de herramientas PKD<\/li>\n<li>Inspecci\u00f3n de herramientas entrantes<\/li>\n<li>Kostenvoranschlag<\/li>\n<\/ul>\n<p><\/div>[\/vc_column_text][vc_empty_space]\n\n\t<a href=\"\/en\/contact\/#form\" target=\"_self\" style=\"color: #ffffff;background-color: #e02925\" class=\"qode-btn qode-btn-medium qode-btn-solid qode-btn-custom-hover-bg qode-btn-custom-hover-color qode-btn-custom-icon-bg-hover-color qode-btn-icon qode-btn-icon-rotate\" data-hover-bg-color=\"#e02925\" data-hover-color=\"#ffffff\" >\n\t    <span class=\"qode-btn-text\">Solicite ahora<\/span><span class=\"qode-button-v2-icon-holder\" style=\"border-color: #ffffff;background-color: #e02925\" data-hover-icon-border-color=\"#ffffff\" data-hover-icon-bg-color=\"#e02925\"><i class=\"qodef-icon-dripicons dripicon dripicons-chevron-right qode-button-v2-icon-holder-inner\" ><\/i><\/span>\t<\/a>\n\n[\/vc_column][vc_column width=\u00bb1\/2&#8243;][vc_single_image image=\u00bb4683&#8243; img_size=\u00bbfull\u00bb qode_css_animation=\u00bb\u00bb][\/vc_column][\/vc_row]<\/p>\n","protected":false},"excerpt":{"rendered":"<p>[vc_row css_animation=\u00bb\u00bb row_type=\u00bbrow\u00bb use_row_as_full_screen_section=\u00bbno\u00bb type=\u00bbgrid\u00bb angled_section=\u00bbno\u00bb text_align=\u00bbleft\u00bb background_image_as_pattern=\u00bbwithout_pattern\u00bb padding_top=\u00bb100&#8243; padding_bottom=\u00bb100&#8243; z_index=\u00bb\u00bb][vc_column width=\u00bb1\/2&#8243;][vc_column_text] Servicio t\u00e9cnico del fabricante [\/vc_column_text][vc_empty_space height=\u00bb20px\u00bb][vc_column_text]Conf\u00ede en C6, el fabricante de herramientas de calidad, a su servicio. Personal experimentado, equipos de \u00faltima generaci\u00f3n, procesamiento fiable y est\u00e1ndares de calidad como si fueran herramientas&#8230;<\/p>\n","protected":false},"author":1,"featured_media":0,"parent":4993,"menu_order":0,"comment_status":"closed","ping_status":"closed","template":"full_width.php","meta":{"inline_featured_image":false,"footnotes":""},"_links":{"self":[{"href":"https:\/\/www.c6-tooling.de\/es\/wp-json\/wp\/v2\/pages\/5007"}],"collection":[{"href":"https:\/\/www.c6-tooling.de\/es\/wp-json\/wp\/v2\/pages"}],"about":[{"href":"https:\/\/www.c6-tooling.de\/es\/wp-json\/wp\/v2\/types\/page"}],"author":[{"embeddable":true,"href":"https:\/\/www.c6-tooling.de\/es\/wp-json\/wp\/v2\/users\/1"}],"replies":[{"embeddable":true,"href":"https:\/\/www.c6-tooling.de\/es\/wp-json\/wp\/v2\/comments?post=5007"}],"version-history":[{"count":3,"href":"https:\/\/www.c6-tooling.de\/es\/wp-json\/wp\/v2\/pages\/5007\/revisions"}],"predecessor-version":[{"id":5010,"href":"https:\/\/www.c6-tooling.de\/es\/wp-json\/wp\/v2\/pages\/5007\/revisions\/5010"}],"up":[{"embeddable":true,"href":"https:\/\/www.c6-tooling.de\/es\/wp-json\/wp\/v2\/pages\/4993"}],"wp:attachment":[{"href":"https:\/\/www.c6-tooling.de\/es\/wp-json\/wp\/v2\/media?parent=5007"}],"curies":[{"name":"wp","href":"https:\/\/api.w.org\/{rel}","templated":true}]}}