{"id":5023,"date":"2023-08-24T14:56:53","date_gmt":"2023-08-24T12:56:53","guid":{"rendered":"https:\/\/www.c6-tooling.de\/empresa\/filosofia\/"},"modified":"2023-08-24T14:56:55","modified_gmt":"2023-08-24T12:56:55","slug":"filosofia","status":"publish","type":"page","link":"https:\/\/www.c6-tooling.de\/es\/empresa\/filosofia\/","title":{"rendered":"Filosof\u00eda"},"content":{"rendered":"<p>[vc_row css_animation=\u00bb\u00bb row_type=\u00bbrow\u00bb use_row_as_full_screen_section=\u00bbno\u00bb type=\u00bbgrid\u00bb angled_section=\u00bbno\u00bb text_align=\u00bbleft\u00bb background_image_as_pattern=\u00bbwithout_pattern\u00bb padding_top=\u00bb100&#8243; padding_bottom=\u00bb100&#8243; z_index=\u00bb\u00bb][vc_column width=\u00bb1\/2&#8243;][vc_column_text]<\/p>\n<h2>Nuestra <span style=\"color: #e02925;\">Vision<\/span><\/h2>\n<p>[\/vc_column_text][vc_empty_space height=\u00bb21px\u00bb][vc_column_text]C6 GmbH es un socio de primera clase para sus clientes en todo lo relacionado con la soluci\u00f3n \u00f3ptima y m\u00e1s econ\u00f3mica de sus tareas<\/p>\n<p>&nbsp;<\/p>\n<p>Este alto nivel nos motiva d\u00eda tras d\u00eda para dar lo mejor de nosotros mismos a nuestros clientes. El uso inteligente de nuestra experiencia y competencia garantiza su \u00e9xito y el nuestro. Para nosotros, la franqueza, la honradez y la imparcialidad son la garant\u00eda de unas relaciones constructivas y duraderas con nuestros clientes.[\/vc_column_text][vc_empty_space][vc_column_text]<\/p>\n<h4>Su tarea &#8211; nuestra solution<\/h4>\n<p>[\/vc_column_text][vc_empty_space height=\u00bb12px\u00bb][vc_column_text]Soluciones a medida para el mecanizado de alto rendimiento y soluciones completas para el mecanizado complejo de materiales ligeros.<\/p>\n<p>&nbsp;<\/p>\n<p>Los componentes b\u00e1sicos para ello son las agregados de corte y las soluciones de herramientas coordinadas, as\u00ed como su combinaci\u00f3n razonable. La soluci\u00f3n econ\u00f3mica a su tarea est\u00e1 en el centro de nuestros esfuerzos.[\/vc_column_text][\/vc_column][vc_column width=\u00bb1\/2&#8243;][vc_single_image image=\u00bb4786&#8243; img_size=\u00bbfull\u00bb qode_css_animation=\u00bb\u00bb][vc_empty_space][\/vc_column][\/vc_row]<\/p>\n","protected":false},"excerpt":{"rendered":"<p>[vc_row css_animation=\u00bb\u00bb row_type=\u00bbrow\u00bb use_row_as_full_screen_section=\u00bbno\u00bb type=\u00bbgrid\u00bb angled_section=\u00bbno\u00bb text_align=\u00bbleft\u00bb background_image_as_pattern=\u00bbwithout_pattern\u00bb padding_top=\u00bb100&#8243; padding_bottom=\u00bb100&#8243; z_index=\u00bb\u00bb][vc_column width=\u00bb1\/2&#8243;][vc_column_text] Nuestra Vision [\/vc_column_text][vc_empty_space height=\u00bb21px\u00bb][vc_column_text]C6 GmbH es un socio de primera clase para sus clientes en todo lo relacionado con la soluci\u00f3n \u00f3ptima y m\u00e1s econ\u00f3mica de sus tareas &nbsp; Este alto nivel nos&#8230;<\/p>\n","protected":false},"author":1,"featured_media":0,"parent":5011,"menu_order":0,"comment_status":"closed","ping_status":"closed","template":"full_width.php","meta":{"inline_featured_image":false,"footnotes":""},"_links":{"self":[{"href":"https:\/\/www.c6-tooling.de\/es\/wp-json\/wp\/v2\/pages\/5023"}],"collection":[{"href":"https:\/\/www.c6-tooling.de\/es\/wp-json\/wp\/v2\/pages"}],"about":[{"href":"https:\/\/www.c6-tooling.de\/es\/wp-json\/wp\/v2\/types\/page"}],"author":[{"embeddable":true,"href":"https:\/\/www.c6-tooling.de\/es\/wp-json\/wp\/v2\/users\/1"}],"replies":[{"embeddable":true,"href":"https:\/\/www.c6-tooling.de\/es\/wp-json\/wp\/v2\/comments?post=5023"}],"version-history":[{"count":3,"href":"https:\/\/www.c6-tooling.de\/es\/wp-json\/wp\/v2\/pages\/5023\/revisions"}],"predecessor-version":[{"id":5026,"href":"https:\/\/www.c6-tooling.de\/es\/wp-json\/wp\/v2\/pages\/5023\/revisions\/5026"}],"up":[{"embeddable":true,"href":"https:\/\/www.c6-tooling.de\/es\/wp-json\/wp\/v2\/pages\/5011"}],"wp:attachment":[{"href":"https:\/\/www.c6-tooling.de\/es\/wp-json\/wp\/v2\/media?parent=5023"}],"curies":[{"name":"wp","href":"https:\/\/api.w.org\/{rel}","templated":true}]}}