{"id":5027,"date":"2023-08-24T15:05:34","date_gmt":"2023-08-24T13:05:34","guid":{"rendered":"https:\/\/www.c6-tooling.de\/empresa\/certificacion\/"},"modified":"2025-05-26T12:16:03","modified_gmt":"2025-05-26T10:16:03","slug":"certificacion","status":"publish","type":"page","link":"https:\/\/www.c6-tooling.de\/es\/empresa\/certificacion\/","title":{"rendered":"Certificaci\u00f3n"},"content":{"rendered":"<p>[vc_row css_animation=\u00bb\u00bb row_type=\u00bbrow\u00bb use_row_as_full_screen_section=\u00bbno\u00bb type=\u00bbgrid\u00bb angled_section=\u00bbno\u00bb text_align=\u00bbleft\u00bb background_image_as_pattern=\u00bbwithout_pattern\u00bb padding_top=\u00bb100&#8243; padding_bottom=\u00bb100&#8243; z_index=\u00bb\u00bb][vc_column width=\u00bb1\/2&#8243;][vc_column_text]<\/p>\n<h2><span style=\"color: #e02925;\">La alta calidad<\/span> es nuestra marca de f\u00e1brica<\/h2>\n<p>[\/vc_column_text][vc_empty_space height=\u00bb21px\u00bb][vc_column_text]Garantizar y asegurar un alto nivel de calidad es nuestra m\u00e1xima prioridad. Inspectores expertos garantizan que solo se entreguen a nuestros clientes productos que cumplan nuestras estrictas normas de calidad.<\/p>\n<p>&nbsp;<\/p>\n<p>Simulamos el proceso de mecanizado antes del inicio de la producci\u00f3n, comprobamos la resistencia del producto mediante programas CAX de \u00faltima generaci\u00f3n y garantizamos as\u00ed la fabricaci\u00f3n \u00f3ptima de nuestros productos incluso antes del primer paso de producci\u00f3n <a href=\"https:\/\/www.c6-tooling.de\/es\/servicios\/descargas\/\">Productos<\/a>.[\/vc_column_text][vc_empty_space height=\u00bb50px\u00bb]<a  itemprop=\"url\" href=\"\/es\/servicios\/descargas\/\" target=\"_self\"  class=\"qbutton  default\" style=\"\">Ver certificados<\/a>[\/vc_column][vc_column width=\u00bb1\/2&#8243;][vc_single_image image=\u00bb4628&#8243; img_size=\u00bbfull\u00bb qode_css_animation=\u00bb\u00bb][\/vc_column][\/vc_row]<\/p>\n","protected":false},"excerpt":{"rendered":"<p>[vc_row css_animation=\u00bb\u00bb row_type=\u00bbrow\u00bb use_row_as_full_screen_section=\u00bbno\u00bb type=\u00bbgrid\u00bb angled_section=\u00bbno\u00bb text_align=\u00bbleft\u00bb background_image_as_pattern=\u00bbwithout_pattern\u00bb padding_top=\u00bb100&#8243; padding_bottom=\u00bb100&#8243; z_index=\u00bb\u00bb][vc_column width=\u00bb1\/2&#8243;][vc_column_text] La alta calidad es nuestra marca de f\u00e1brica [\/vc_column_text][vc_empty_space height=\u00bb21px\u00bb][vc_column_text]Garantizar y asegurar un alto nivel de calidad es nuestra m\u00e1xima prioridad. Inspectores expertos garantizan que solo se entreguen a nuestros clientes productos que&#8230;<\/p>\n","protected":false},"author":1,"featured_media":0,"parent":5011,"menu_order":0,"comment_status":"closed","ping_status":"closed","template":"full_width.php","meta":{"inline_featured_image":false,"footnotes":""},"_links":{"self":[{"href":"https:\/\/www.c6-tooling.de\/es\/wp-json\/wp\/v2\/pages\/5027"}],"collection":[{"href":"https:\/\/www.c6-tooling.de\/es\/wp-json\/wp\/v2\/pages"}],"about":[{"href":"https:\/\/www.c6-tooling.de\/es\/wp-json\/wp\/v2\/types\/page"}],"author":[{"embeddable":true,"href":"https:\/\/www.c6-tooling.de\/es\/wp-json\/wp\/v2\/users\/1"}],"replies":[{"embeddable":true,"href":"https:\/\/www.c6-tooling.de\/es\/wp-json\/wp\/v2\/comments?post=5027"}],"version-history":[{"count":8,"href":"https:\/\/www.c6-tooling.de\/es\/wp-json\/wp\/v2\/pages\/5027\/revisions"}],"predecessor-version":[{"id":5464,"href":"https:\/\/www.c6-tooling.de\/es\/wp-json\/wp\/v2\/pages\/5027\/revisions\/5464"}],"up":[{"embeddable":true,"href":"https:\/\/www.c6-tooling.de\/es\/wp-json\/wp\/v2\/pages\/5011"}],"wp:attachment":[{"href":"https:\/\/www.c6-tooling.de\/es\/wp-json\/wp\/v2\/media?parent=5027"}],"curies":[{"name":"wp","href":"https:\/\/api.w.org\/{rel}","templated":true}]}}