{"id":5079,"date":"2023-08-28T13:30:43","date_gmt":"2023-08-28T11:30:43","guid":{"rendered":"https:\/\/www.c6-tooling.de\/politica-de-privacidad\/"},"modified":"2023-08-28T13:46:55","modified_gmt":"2023-08-28T11:46:55","slug":"politica-de-privacidad","status":"publish","type":"page","link":"https:\/\/www.c6-tooling.de\/es\/politica-de-privacidad\/","title":{"rendered":"Pol\u00edtica de privacidad"},"content":{"rendered":"<p>[vc_row css_animation=\u00bb\u00bb row_type=\u00bbrow\u00bb use_row_as_full_screen_section=\u00bbno\u00bb type=\u00bbgrid\u00bb angled_section=\u00bbno\u00bb text_align=\u00bbleft\u00bb background_image_as_pattern=\u00bbwithout_pattern\u00bb padding_top=\u00bb100&#8243; padding_bottom=\u00bb150&#8243; z_index=\u00bb\u00bb][vc_column][vc_row_inner row_type=\u00bbrow\u00bb type=\u00bbfull_width\u00bb text_align=\u00bbleft\u00bb css_animation=\u00bb\u00bb][vc_column_inner][vc_column_text]<\/p>\n<h2>1. Panorama de la protecci\u00f3n de datos<\/h2>\n<p>&nbsp;<\/p>\n<h5>Informaci\u00f3n general<\/h5>\n<p>La siguiente informaci\u00f3n le proporcionar\u00e1 una visi\u00f3n general de f\u00e1cil navegaci\u00f3n sobre lo que ocurrir\u00e1 con sus datos personales cuando visite nuestro sitio web. El t\u00e9rmino \u00abdatos personales\u00bb comprende todos los datos que pueden utilizarse para identificarle personalmente. Para obtener informaci\u00f3n detallada sobre el tema de la protecci\u00f3n de datos, consulte nuestra Declaraci\u00f3n de protecci\u00f3n de datos, que hemos incluido debajo de esta copia.<\/p>\n<p>&nbsp;<\/p>\n<h5>Registro de datos en nuestro sitio web<\/h5>\n<p>&nbsp;<\/p>\n<p><strong>\u00bfQui\u00e9n es el responsable del registro de datos en este sitio web (es decir, el \u00abresponsable del tratamiento\u00bb)?<\/strong><\/p>\n<p>Los datos de este sitio web son procesados por el operador del sitio web, cuya informaci\u00f3n de contacto est\u00e1 disponible en la secci\u00f3n \u00abInformaci\u00f3n exigida por la ley\u00bb de este sitio web.<\/p>\n<p>&nbsp;<\/p>\n<p><strong>\u00bfC\u00f3mo registramos sus datos?<\/strong><\/p>\n<p>Recopilamos sus datos como resultado de que usted los comparta con nosotros. Puede tratarse, por ejemplo, de la informaci\u00f3n que usted introduce en nuestro formulario de contacto.<\/p>\n<p>Nuestros sistemas inform\u00e1ticos registran autom\u00e1ticamente otros datos cuando usted visita nuestro sitio web. Estos datos comprenden principalmente informaci\u00f3n t\u00e9cnica (por ejemplo, navegador web, sistema operativo u hora de acceso al sitio). Esta informaci\u00f3n se registra autom\u00e1ticamente cuando usted accede a nuestro sitio web.<\/p>\n<p>&nbsp;<\/p>\n<p><strong>\u00bfPara qu\u00e9 fines utilizamos sus datos?<\/strong><\/p>\n<p>Una parte de la informaci\u00f3n se genera para garantizar la prestaci\u00f3n sin errores del sitio web. Otros datos pueden utilizarse para analizar sus patrones de usuario.<\/p>\n<p>&nbsp;<\/p>\n<p><strong>\u00bfQu\u00e9 derechos tiene usted en relaci\u00f3n con su informaci\u00f3n?<\/strong><\/p>\n<p>Tiene derecho a recibir informaci\u00f3n sobre el origen, los destinatarios y los fines de sus datos personales archivados en cualquier momento sin tener que pagar una tasa por dicha divulgaci\u00f3n. Tambi\u00e9n tiene derecho a exigir que sus datos sean rectificados, bloqueados o erradicados. No dude en ponerse en contacto con nosotros en cualquier momento en la direcci\u00f3n indicada en la secci\u00f3n \u00abInformaci\u00f3n exigida por la ley\u00bb de este sitio web si tiene alguna pregunta sobre este tema o sobre cualquier otro relacionado con la protecci\u00f3n de datos. Tambi\u00e9n tiene derecho a presentar una reclamaci\u00f3n ante el organismo supervisor competente.<\/p>\n<p>&nbsp;<\/p>\n<p>Adem\u00e1s, en determinadas circunstancias, tiene derecho a exigir la restricci\u00f3n del tratamiento de sus datos personales. Para m\u00e1s detalles, consulte la Declaraci\u00f3n de Protecci\u00f3n de Datos en la secci\u00f3n \u00abDerecho a la restricci\u00f3n del tratamiento de datos\u00bb.<\/p>\n<p>&nbsp;<\/p>\n<p>&nbsp;<\/p>\n<h5>Herramientas de an\u00e1lisis y herramientas proporcionadas por terceros<\/h5>\n<p>Existe la posibilidad de que sus patrones de navegaci\u00f3n sean analizados estad\u00edsticamente cuando visite nuestro sitio web. Estos an\u00e1lisis se realizan principalmente con cookies y con lo que denominamos programas de an\u00e1lisis. Por regla general, los an\u00e1lisis de sus pautas de navegaci\u00f3n se llevan a cabo de forma an\u00f3nima, es decir, no es posible localizarle. Usted tiene la opci\u00f3n de oponerse a dichos an\u00e1lisis o puede impedir su realizaci\u00f3n no utilizando determinadas herramientas. Para m\u00e1s informaci\u00f3n al respecto, consulte nuestra Declaraci\u00f3n de protecci\u00f3n de datos.<\/p>\n<p>&nbsp;<\/p>\n<p>Usted tiene la opci\u00f3n de oponerse a dichos an\u00e1lisis. Le informaremos sobre las opciones de oposici\u00f3n en esta Declaraci\u00f3n de Protecci\u00f3n de Datos.<\/p>\n<p>&nbsp;<\/p>\n<p>&nbsp;<\/p>\n<h2>2. Informaci\u00f3n general e informaci\u00f3n obligatoria<\/h2>\n<p>&nbsp;<\/p>\n<h5>Protecci\u00f3n de datos<\/h5>\n<p>Los operadores de este sitio web y sus p\u00e1ginas se toman muy en serio la protecci\u00f3n de sus datos personales. Por ello, tratamos sus datos personales como informaci\u00f3n confidencial y de conformidad con las disposiciones legales sobre protecci\u00f3n de datos y la presente Declaraci\u00f3n de protecci\u00f3n de datos.<\/p>\n<p>Siempre que utilice este sitio web, se recopilar\u00e1n diversos datos personales. Los datos personales comprenden datos que pueden utilizarse para identificarle personalmente. Esta Declaraci\u00f3n de protecci\u00f3n de datos explica qu\u00e9 datos recopilamos y para qu\u00e9 fines los utilizamos. Tambi\u00e9n explica c\u00f3mo y con qu\u00e9 fin se recopila la informaci\u00f3n.<\/p>\n<p>Por la presente le advertimos de que la transmisi\u00f3n de datos a trav\u00e9s de Internet (es decir, mediante comunicaciones por correo electr\u00f3nico) puede ser propensa a lagunas de seguridad. No es posible proteger completamente los datos contra el acceso de terceros.<\/p>\n<p>&nbsp;<\/p>\n<h5>Informaci\u00f3n sobre la parte responsable (denominada \u00abresponsable del tratamiento\u00bb en el RGPD)<\/h5>\n<p>&nbsp;<\/p>\n<p>El responsable del tratamiento de los datos de este sitio web es:<\/p>\n<p>&nbsp;<\/p>\n<p>C6 Composite Tooling GmbH<br \/>\nCarl-Benz-Str. 25<br \/>\n74722 Buchen<\/p>\n<p>&nbsp;<\/p>\n<p>Phone: +49 6281 528129<br \/>\nEmail: info@c6-tooling.de<\/p>\n<p>&nbsp;<\/p>\n<p>El responsable del tratamiento es la persona f\u00edsica o jur\u00eddica que, por s\u00ed sola o conjuntamente con otras, toma decisiones sobre los fines y recursos del tratamiento de datos personales (por ejemplo, nombres, direcciones de correo electr\u00f3nico, etc.).<\/p>\n<p>&nbsp;<\/p>\n<h5>Revocaci\u00f3n de su consentimiento para el tratamiento de datos<\/h5>\n<p>Una amplia gama de operaciones de tratamiento de datos s\u00f3lo es posible con su consentimiento expreso. Tambi\u00e9n puede revocar en cualquier momento cualquier consentimiento que ya nos haya dado. Para ello, basta con que nos env\u00ede una notificaci\u00f3n informal por correo electr\u00f3nico. Esto se entender\u00e1 sin perjuicio de la legalidad de cualquier recogida de datos que se haya producido antes de su revocaci\u00f3n.<\/p>\n<p>&nbsp;<\/p>\n<h5>Derecho a oponerse a la recogida de datos en casos especiales; derecho a oponerse a la publicidad directa (Art. 21 GDPR)<\/h5>\n<p>En caso de que los datos se procesen sobre la base del Art. 6 Secc. 1 lit. e o f del RGPD, usted tiene derecho a oponerse en cualquier momento al tratamiento de sus datos personales por motivos derivados de su situaci\u00f3n particular. Esto tambi\u00e9n se aplica a cualquier elaboraci\u00f3n de perfiles basada en estas disposiciones. Para determinar la base jur\u00eddica en la que se fundamenta cualquier tratamiento de datos, consulte esta Declaraci\u00f3n de Protecci\u00f3n de Datos. Si presenta una objeci\u00f3n, dejaremos de procesar sus datos personales afectados, a menos que estemos en condiciones de presentar razones imperiosas dignas de protecci\u00f3n para el procesamiento de sus datos, que prevalezcan sobre sus intereses, derechos y libertades, o si el prop\u00f3sito del procesamiento es la reclamaci\u00f3n, el ejercicio o la defensa de derechos legales (objeci\u00f3n de conformidad con el Art. 21 Sect. 1 GDPR).<\/p>\n<p>&nbsp;<\/p>\n<p>Si sus datos personales se procesan con el fin de realizar publicidad directa, tiene derecho a oponerse en cualquier momento al procesamiento de sus datos personales afectados a efectos de dicha publicidad. Esto tambi\u00e9n se aplica a la elaboraci\u00f3n de perfiles en la medida en que est\u00e9 relacionada con dicha publicidad directa. Si se opone, sus datos personales dejar\u00e1n de utilizarse para fines de publicidad directa (objeci\u00f3n con arreglo al art\u00edculo 21, apartado 2 del RGPD).<\/p>\n<p>&nbsp;<\/p>\n<h5>Derecho a presentar una reclamaci\u00f3n ante el organismo de supervisi\u00f3n competente<\/h5>\n<p>En caso de infracci\u00f3n del RGPD, los interesados tienen derecho a presentar una reclamaci\u00f3n ante una autoridad de control, en particular en el Estado miembro en el que tengan su domicilio habitual, su lugar de trabajo o el lugar en el que se haya producido la presunta infracci\u00f3n. El derecho a presentar una reclamaci\u00f3n es independiente de cualquier otro procedimiento administrativo o judicial disponible como recurso legal.<\/p>\n<p>&nbsp;<\/p>\n<h5>Derecho a la portabilidad de los datos<\/h5>\n<p>Tiene derecho a exigir que le entreguemos a usted o a un tercero, en un formato de uso com\u00fan legible por m\u00e1quina, todos los datos que tratemos autom\u00e1ticamente sobre la base de su consentimiento o para cumplir un contrato. Si exige la transferencia directa de los datos a otro responsable del tratamiento, s\u00f3lo se har\u00e1 si es t\u00e9cnicamente viable.<\/p>\n<p>&nbsp;<\/p>\n<h5>Cifrado SSL y\/o TLS<\/h5>\n<p>Por razones de seguridad y para proteger la transmisi\u00f3n de contenidos confidenciales, como pedidos de compra o consultas que nos env\u00ede como operador del sitio web, este sitio web utiliza un programa de encriptaci\u00f3n SSL o TLS. Puede reconocer una conexi\u00f3n cifrada comprobando si la l\u00ednea de direcci\u00f3n del navegador cambia de \u00abhttp:\/\/\u00bb a \u00abhttps:\/\/\u00bb y tambi\u00e9n por la aparici\u00f3n del icono del candado en la l\u00ednea del navegador.<\/p>\n<p>Si el cifrado SSL o TLS est\u00e1 activado, los datos que nos transmita no podr\u00e1n ser le\u00eddos por terceros.<\/p>\n<p>&nbsp;<\/p>\n<h5>Informaci\u00f3n, bloqueo, rectificaci\u00f3n y erradicaci\u00f3n de datos<\/h5>\n<p>Dentro del \u00e1mbito de las disposiciones legales aplicables, tiene derecho a solicitar en cualquier momento informaci\u00f3n sobre sus datos personales archivados, su origen y destinatarios, as\u00ed como la finalidad del tratamiento de sus datos. Tambi\u00e9n puede tener derecho a que sus datos sean rectificados, bloqueados o erradicados. Si tiene alguna pregunta sobre este tema o sobre cualquier otra cuesti\u00f3n relativa a los datos personales, no dude en ponerse en contacto con nosotros en cualquier momento en la direcci\u00f3n indicada en la secci\u00f3n \u00abInformaci\u00f3n exigida por la ley\u00bb.<\/p>\n<p>&nbsp;<\/p>\n<h5>Derecho a exigir restricciones al tratamiento<\/h5>\n<p>Tiene derecho a exigir la imposici\u00f3n de restricciones en lo que respecta al tratamiento de sus datos personales. Para ello, puede ponerse en contacto con nosotros en cualquier momento en la direcci\u00f3n indicada en la secci\u00f3n \u00abInformaci\u00f3n exigida por la ley\u00bb. El derecho a exigir la restricci\u00f3n del tratamiento se aplica en los siguientes casos:<\/p>\n<p>&nbsp;<\/p>\n<ul>\n<li>En caso de que usted impugne la exactitud de sus datos archivados por nosotros, normalmente necesitaremos alg\u00fan tiempo para verificar esta reclamaci\u00f3n. Durante el tiempo que dure esta investigaci\u00f3n, tiene derecho a exigir que restrinjamos el tratamiento de sus datos personales.<\/li>\n<li>Si el tratamiento de sus datos personales se ha realizado de forma il\u00edcita, tiene la opci\u00f3n de exigir la restricci\u00f3n del tratamiento de sus datos en lugar de exigir la erradicaci\u00f3n de los mismos.<\/li>\n<li>Si ya no necesitamos sus datos personales y usted los necesita para ejercer, defender o reclamar derechos legales, tiene derecho a exigir la restricci\u00f3n del tratamiento de sus datos personales en lugar de su erradicaci\u00f3n.<\/li>\n<li>Si ha presentado una objeci\u00f3n de conformidad con el Art. 21 Secc. 1 GDPR, sus derechos y los nuestros deber\u00e1n sopesarse entre s\u00ed. Mientras no se haya determinado qu\u00e9 intereses prevalecen, usted tiene derecho a exigir la restricci\u00f3n del tratamiento de sus datos personales.<\/li>\n<\/ul>\n<p>&nbsp;<\/p>\n<p>Si ha restringido el tratamiento de sus datos personales, estos datos -con excepci\u00f3n de su archivo- s\u00f3lo podr\u00e1n tratarse con su consentimiento o para reclamar, ejercer o defender derechos legales o para proteger los derechos de otras personas f\u00edsicas o jur\u00eddicas o por razones importantes de inter\u00e9s p\u00fablico citadas por la Uni\u00f3n Europea o un Estado miembro de la UE.<\/p>\n<p>&nbsp;<\/p>\n<h5>Rechazo de correos electr\u00f3nicos no solicitados<\/h5>\n<p>Por la presente nos oponemos al uso de la informaci\u00f3n de contacto publicada junto con la informaci\u00f3n obligatoria que debe facilitarse en la secci\u00f3n \u00abInformaci\u00f3n exigida por ley\u00bb para enviarnos material promocional e informativo que no hayamos solicitado expresamente. Los operadores de este sitio web y sus p\u00e1ginas se reservan expresamente el derecho a emprender acciones legales en caso de env\u00edo no solicitado de informaci\u00f3n promocional, por ejemplo a trav\u00e9s de mensajes SPAM.<\/p>\n<p>&nbsp;<\/p>\n<h2>3. Registro de datos en nuestro sitio web<\/h2>\n<p>&nbsp;<\/p>\n<h5>Cookies<\/h5>\n<p>En algunos casos, nuestro sitio web y sus p\u00e1ginas utilizan las denominadas cookies. Las cookies no causan ning\u00fan da\u00f1o a su ordenador y no contienen virus. La finalidad de las cookies es hacer que nuestro sitio web sea m\u00e1s f\u00e1cil de usar, eficaz y seguro. Las cookies son peque\u00f1os archivos de texto que se colocan en su ordenador y son almacenados por su navegador.<\/p>\n<p>&nbsp;<\/p>\n<p>La mayor\u00eda de las cookies que utilizamos son las llamadas \u00abcookies de sesi\u00f3n\u00bb. Se borran autom\u00e1ticamente cuando abandona nuestro sitio. Otras cookies permanecer\u00e1n archivadas en su dispositivo hasta que usted las elimine. Estas cookies nos permiten reconocer su navegador la pr\u00f3xima vez que visite nuestro sitio web.<\/p>\n<p>&nbsp;<\/p>\n<p>Usted puede ajustar la configuraci\u00f3n de su navegador para asegurarse de que se le notifica cada vez que se colocan cookies y para permitirle aceptar cookies s\u00f3lo en casos espec\u00edficos o excluir la aceptaci\u00f3n de cookies para situaciones espec\u00edficas o en general y activar la eliminaci\u00f3n autom\u00e1tica de cookies cuando cierra su navegador. Si desactiva las cookies, las funciones de este sitio web pueden verse limitadas.<\/p>\n<p>&nbsp;<\/p>\n<p>Las cookies que son necesarias para la realizaci\u00f3n de la transacci\u00f3n de comunicaciones electr\u00f3nicas o para proporcionar ciertas funciones que desea utilizar (por ejemplo, la funci\u00f3n de carrito de la compra), se almacenan sobre la base del Art. 6 Secc. 1 lit. f GDPR. El operador del sitio web tiene un inter\u00e9s leg\u00edtimo en almacenar cookies para garantizar la prestaci\u00f3n t\u00e9cnicamente libre de errores y optimizada de los servicios del operador. Si se almacenan otras cookies (por ejemplo, cookies para el an\u00e1lisis de sus patrones de navegaci\u00f3n), se abordan por separado en esta Declaraci\u00f3n de Protecci\u00f3n de Datos.<\/p>\n<p>&nbsp;<\/p>\n<h5>Archivos de registro del servidor<\/h5>\n<p>El proveedor de este sitio web y de sus p\u00e1ginas recopila y almacena autom\u00e1ticamente informaci\u00f3n en los denominados archivos de registro del servidor, que su navegador nos comunica autom\u00e1ticamente. La informaci\u00f3n comprende:<\/p>\n<p>&nbsp;<\/p>\n<ul>\n<li>El tipo y la versi\u00f3n del navegador utilizado<\/li>\n<li>El sistema operativo utilizado<\/li>\n<li>URL de referencia<\/li>\n<li>El nombre de host del ordenador que accede<\/li>\n<li>Hora de la consulta al servidor<\/li>\n<li>La direcci\u00f3n IP<\/li>\n<\/ul>\n<p>&nbsp;<\/p>\n<p>Estos datos no se fusionan con otras fuentes de datos.<\/p>\n<p>&nbsp;<\/p>\n<p>Estos datos se registran sobre la base del Art. 6 Secc. 1 lit. f GDPR. El operador del sitio web tiene un inter\u00e9s leg\u00edtimo en la representaci\u00f3n t\u00e9cnicamente libre de errores y la optimizaci\u00f3n del sitio web del operador. Para ello es necesario registrar los archivos de registro del servidor.<\/p>\n<p>&nbsp;<\/p>\n<h5>Formulario de contacto<\/h5>\n<p>Si nos env\u00eda consultas a trav\u00e9s de nuestro formulario de contacto, la informaci\u00f3n proporcionada en el formulario de contacto, as\u00ed como cualquier informaci\u00f3n de contacto proporcionada en el mismo, ser\u00e1 almacenada por nosotros con el fin de gestionar su consulta y en el caso de que tengamos m\u00e1s preguntas. No compartiremos esta informaci\u00f3n sin su consentimiento.<\/p>\n<p>&nbsp;<\/p>\n<p>Por lo tanto, el tratamiento de los datos introducidos en el formulario de contacto se produce exclusivamente sobre la base de su consentimiento (Art. 6 Sect. 1 lit. a GDPR). Tiene derecho a revocar en cualquier momento cualquier consentimiento que ya nos haya dado. Para ello, basta con que nos env\u00ede una notificaci\u00f3n informal por correo electr\u00f3nico. Esto se entender\u00e1 sin perjuicio de la legalidad de cualquier recogida de datos que se haya producido antes de su revocaci\u00f3n.<\/p>\n<p>&nbsp;<\/p>\n<p>La informaci\u00f3n que haya introducido en el formulario de contacto permanecer\u00e1 con nosotros hasta que nos pida que eliminemos los datos, revoque su consentimiento para el archivo de datos o si el prop\u00f3sito para el que se archiva la informaci\u00f3n ya no existe (por ejemplo, despu\u00e9s de que hayamos concluido nuestra respuesta a su consulta). Todo ello sin perjuicio de las disposiciones legales obligatorias, en particular los plazos de conservaci\u00f3n.<\/p>\n<p>&nbsp;<\/p>\n<h5>Solicitud por correo electr\u00f3nico, tel\u00e9fono o fax<\/h5>\n<p>Si se pone en contacto con nosotros por correo electr\u00f3nico, tel\u00e9fono o fax, su solicitud, incluidos todos los datos personales resultantes (nombre, solicitud), ser\u00e1 almacenada y procesada por nosotros con el fin de tramitar su solicitud. No transmitimos estos datos sin su consentimiento.<\/p>\n<p>&nbsp;<\/p>\n<p>El tratamiento de estos datos se basa en el Art. 6 para. 1 lit. b GDPR, si su solicitud est\u00e1 relacionada con la ejecuci\u00f3n de un contrato o si es necesario llevar a cabo medidas precontractuales. En todos los dem\u00e1s casos, el tratamiento se basa en su consentimiento (art\u00edculo 6, apartado 1, letra a del RGPD) y\/o en nuestros intereses leg\u00edtimos (art\u00edculo 6, apartado 1, letra f del RGPD), ya que tenemos un inter\u00e9s leg\u00edtimo en el tratamiento efectivo de las solicitudes que se nos dirigen.<\/p>\n<p>&nbsp;<\/p>\n<p>Los datos que nos env\u00ede a trav\u00e9s de solicitudes de contacto permanecer\u00e1n con nosotros hasta que nos solicite que los eliminemos, revoque su consentimiento para el almacenamiento o caduque la finalidad del almacenamiento de datos (por ejemplo, tras la finalizaci\u00f3n de su solicitud). Las disposiciones legales obligatorias, en particular los plazos legales de conservaci\u00f3n, no se ver\u00e1n afectadas.<\/p>\n<p>&nbsp;<\/p>\n<h2>4. Plug-ins y herramientas<\/h2>\n<p>&nbsp;<\/p>\n<h5>YouTube<\/h5>\n<p>Nuestro sitio web utiliza plug-ins de la plataforma YouTube, operada por Google. El operador del sitio web es YouTube, LLC, 901 Cherry Ave., San Bruno, CA 94066, EE.UU..<\/p>\n<p>Si visita una p\u00e1gina de nuestro sitio web en la que se haya integrado un plug-in de YouTube, se establecer\u00e1 una conexi\u00f3n con los servidores de YouTube. Como resultado, se notificar\u00e1 al servidor de YouTube cu\u00e1l de nuestras p\u00e1ginas ha visitado.<\/p>\n<p>Adem\u00e1s, YouTube podr\u00e1 colocar varias cookies en su dispositivo. Con la ayuda de estas cookies, YouTube podr\u00e1 obtener informaci\u00f3n sobre el visitante de nuestro sitio web. Entre otras cosas, esta informaci\u00f3n se utilizar\u00e1 para generar estad\u00edsticas de v\u00eddeo con el objetivo de mejorar la facilidad de uso del sitio y evitar intentos de fraude. Estas cookies permanecer\u00e1n en su dispositivo hasta que usted las elimine.<\/p>\n<p>Si est\u00e1 conectado a su cuenta de YouTube mientras visita nuestro sitio, permite a YouTube asignar directamente sus patrones de navegaci\u00f3n a su perfil personal. Tiene la opci\u00f3n de impedirlo cerrando la sesi\u00f3n de su cuenta de YouTube.<\/p>\n<p>El uso de YouTube se basa en nuestro inter\u00e9s por presentar nuestros contenidos en l\u00ednea de forma atractiva. De conformidad con el art. 6 Secc. 1 lit. f GDPR, se trata de un inter\u00e9s leg\u00edtimo.<\/p>\n<p>Para obtener m\u00e1s informaci\u00f3n sobre c\u00f3mo YouTube trata los datos de los usuarios, consulte la Pol\u00edtica de privacidad de datos de YouTube en: https:\/\/policies.google.com\/privacy?hl=en.<\/p>\n<h5>\nVimeo<\/h5>\n<p>Nuestro sitio web utiliza plug-ins del portal de v\u00eddeos Vimeo. El proveedor es Vimeo Inc., 555 West 18th Street, New York, New York 10011, USA.<\/p>\n<p>Si visita una de las p\u00e1ginas de nuestro sitio web en la que se ha integrado un plug-in de Vimeo, se establecer\u00e1 una conexi\u00f3n con los servidores de Vimeo. En consecuencia, el servidor de Vimeo recibir\u00e1 informaci\u00f3n sobre cu\u00e1l de nuestras p\u00e1ginas ha visitado. Adem\u00e1s, Vimeo recibir\u00e1 su direcci\u00f3n IP. Esto tambi\u00e9n ocurrir\u00e1 si usted no ha iniciado sesi\u00f3n en Vimeo o no tiene una cuenta en Vimeo. La informaci\u00f3n registrada por Vimeo se transmitir\u00e1 al servidor de Vimeo en Estados Unidos.<\/p>\n<p>Si ha iniciado sesi\u00f3n en su cuenta de Vimeo, permite que Vimeo asigne directamente sus patrones de navegaci\u00f3n a su perfil personal. Puede evitarlo cerrando la sesi\u00f3n de su cuenta de Vimeo.<\/p>\n<p>El uso de Vimeo se basa en nuestro inter\u00e9s por presentar nuestros contenidos en l\u00ednea de forma atractiva. De conformidad con el art. 6 Secc. 1 lit. f GDPR, se trata de un inter\u00e9s leg\u00edtimo.<\/p>\n<p>Para m\u00e1s informaci\u00f3n sobre c\u00f3mo Vimeo trata los datos de los usuarios, consulte la Pol\u00edtica de Privacidad de Datos de Vimeo en: https:\/\/vimeo.com\/privacy.<\/p>\n<h5>\nGoogle Maps<\/h5>\n<p>A trav\u00e9s de una API, este sitio web utiliza el servicio de mapas de Google Maps. El proveedor es Google Inc., 1600 Amphitheatre Parkway, Mountain View, CA 94043, EE.UU..<br \/>\nPara permitir el uso de las funciones de Google Maps, es necesario almacenar su direcci\u00f3n IP. Por regla general, esta informaci\u00f3n se transfiere a uno de los servidores de Google en Estados Unidos, donde se archiva. El operador de este sitio web no tiene ning\u00fan control sobre la transferencia de datos.<\/p>\n<p>Utilizamos Google Maps para presentar nuestro contenido en l\u00ednea de forma atractiva y para facilitar la localizaci\u00f3n de los lugares divulgados en nuestro sitio web. Esto constituye un inter\u00e9s leg\u00edtimo, tal como se define en el Art. 6 Secc. 1 lit. f GDPR.<\/p>\n<p>Para obtener m\u00e1s informaci\u00f3n sobre el tratamiento de los datos del usuario, consulte la Declaraci\u00f3n de privacidad de datos de Google en: https:\/\/policies.google.com\/privacy?hl=en.<\/p>\n<h5>\nGoogle reCAPTCHA<\/h5>\n<p>En nuestros sitios web utilizamos \u00abGoogle reCAPTCHA\u00bb (en lo sucesivo, \u00abreCAPTCHA\u00bb). El proveedor es Google Inc., 1600 Amphitheatre Parkway, Mountain View, CA 94043, EE.UU. (\u00abGoogle\u00bb).<br \/>\nLa finalidad de reCAPTCHA es determinar si los datos introducidos en nuestros sitios web (por ejemplo, la informaci\u00f3n introducida en un formulario de contacto) son proporcionados por un usuario humano o por un programa automatizado. Para ello, reCAPTCHA analiza el comportamiento de los visitantes del sitio web en funci\u00f3n de una serie de par\u00e1metros. Este an\u00e1lisis se activa autom\u00e1ticamente en cuanto el visitante del sitio web entra en \u00e9l. Para este an\u00e1lisis, reCAPTCHA eval\u00faa una serie de datos (por ejemplo, la direcci\u00f3n IP, el tiempo que el visitante del sitio web pas\u00f3 en el sitio o los movimientos del cursor iniciados por el usuario). Los datos rastreados durante estos an\u00e1lisis se env\u00edan a Google.<\/p>\n<p>Los an\u00e1lisis de reCAPTCHA se ejecutan completamente en segundo plano. No se avisa a los visitantes del sitio web de que se est\u00e1 realizando un an\u00e1lisis.<\/p>\n<p>Los datos se procesan sobre la base del Art. 6 Secc. 1 lit. f GDPR. Es en inter\u00e9s leg\u00edtimo del operador del sitio web, para proteger el contenido web del operador contra el uso indebido por parte de sistemas automatizados de espionaje industrial y contra el SPAM.<\/p>\n<p>Para obtener m\u00e1s informaci\u00f3n sobre Google reCAPTCHA y consultar la Declaraci\u00f3n de privacidad de datos de Google, siga estos enlaces: https:\/\/policies.google.com\/privacy?hl=en y https:\/\/www.google.com\/recaptcha\/intro\/android.html.[\/vc_column_text][\/vc_column_inner][\/vc_row_inner][\/vc_column][\/vc_row]<\/p>\n","protected":false},"excerpt":{"rendered":"<p>[vc_row css_animation=\u00bb\u00bb row_type=\u00bbrow\u00bb use_row_as_full_screen_section=\u00bbno\u00bb type=\u00bbgrid\u00bb angled_section=\u00bbno\u00bb text_align=\u00bbleft\u00bb background_image_as_pattern=\u00bbwithout_pattern\u00bb padding_top=\u00bb100&#8243; padding_bottom=\u00bb150&#8243; z_index=\u00bb\u00bb][vc_column][vc_row_inner row_type=\u00bbrow\u00bb type=\u00bbfull_width\u00bb text_align=\u00bbleft\u00bb css_animation=\u00bb\u00bb][vc_column_inner][vc_column_text] 1. Panorama de la protecci\u00f3n de datos &nbsp; Informaci\u00f3n general La siguiente informaci\u00f3n le proporcionar\u00e1 una visi\u00f3n general de f\u00e1cil navegaci\u00f3n sobre lo que ocurrir\u00e1 con sus datos personales cuando&#8230;<\/p>\n","protected":false},"author":1,"featured_media":0,"parent":0,"menu_order":0,"comment_status":"closed","ping_status":"closed","template":"full_width.php","meta":{"inline_featured_image":false,"footnotes":""},"_links":{"self":[{"href":"https:\/\/www.c6-tooling.de\/es\/wp-json\/wp\/v2\/pages\/5079"}],"collection":[{"href":"https:\/\/www.c6-tooling.de\/es\/wp-json\/wp\/v2\/pages"}],"about":[{"href":"https:\/\/www.c6-tooling.de\/es\/wp-json\/wp\/v2\/types\/page"}],"author":[{"embeddable":true,"href":"https:\/\/www.c6-tooling.de\/es\/wp-json\/wp\/v2\/users\/1"}],"replies":[{"embeddable":true,"href":"https:\/\/www.c6-tooling.de\/es\/wp-json\/wp\/v2\/comments?post=5079"}],"version-history":[{"count":8,"href":"https:\/\/www.c6-tooling.de\/es\/wp-json\/wp\/v2\/pages\/5079\/revisions"}],"predecessor-version":[{"id":5088,"href":"https:\/\/www.c6-tooling.de\/es\/wp-json\/wp\/v2\/pages\/5079\/revisions\/5088"}],"wp:attachment":[{"href":"https:\/\/www.c6-tooling.de\/es\/wp-json\/wp\/v2\/media?parent=5079"}],"curies":[{"name":"wp","href":"https:\/\/api.w.org\/{rel}","templated":true}]}}