{"id":3130,"date":"2021-04-23T16:09:10","date_gmt":"2021-04-23T14:09:10","guid":{"rendered":"https:\/\/www.c6-tooling.de\/hizmet\/"},"modified":"2021-06-25T15:58:06","modified_gmt":"2021-06-25T13:58:06","slug":"hizmet","status":"publish","type":"page","link":"https:\/\/www.c6-tooling.de\/tr\/hizmet\/","title":{"rendered":"Hizmetler"},"content":{"rendered":"<p>[vc_row css_animation=&#8221;&#8221; row_type=&#8221;row&#8221; use_row_as_full_screen_section=&#8221;no&#8221; type=&#8221;full_width&#8221; anchor=&#8221;automotive&#8221; angled_section=&#8221;no&#8221; text_align=&#8221;left&#8221; background_image_as_pattern=&#8221;without_pattern&#8221; z_index=&#8221;&#8221;][vc_column][qode_elements_holder number_of_columns=&#8221;two_columns&#8221;][qode_elements_holder_item background_image=&#8221;1679&#8243; cover=&#8221;yes&#8221; advanced_animations=&#8221;no&#8221; item_padding_600_768=&#8221;250px 0px&#8221; item_padding_480_600=&#8221;200px 0px&#8221; item_padding_480=&#8221;200px 0px&#8221;][\/qode_elements_holder_item][qode_elements_holder_item item_padding=&#8221;160px 20%&#8221; advanced_animations=&#8221;no&#8221; item_padding_1280_1440=&#8221;115px 11% 105px 10%&#8221; item_padding_1024_1280=&#8221;110px 10% 105px 9%&#8221; item_padding_768_1024=&#8221;85px 10% 70px&#8221; item_padding_600_768=&#8221;110px 13% 100px&#8221; item_padding_480_600=&#8221;80px 10%&#8221; item_padding_480=&#8221;80px 10%&#8221;][vc_column_text]<\/p>\n<h1> Kesici U\u00e7lar <\/h1>\n<p>[\/vc_column_text][vc_empty_space height=&#8221;21px&#8221;][vc_column_text]Deneyimli servis teknisyenleri, C6 \u00fcnitelerinizi yeniden \u015fekillendirir.[\/vc_column_text][vc_empty_space height=&#8221;50px&#8221;]\n\n\t<a href=\"\/tr\/hizmet\/kesici-uclar-2\/\" target=\"_self\" style=\"color: #ffffff;background-color: #e02925\" class=\"qode-btn qode-btn-medium qode-btn-solid qode-btn-custom-hover-bg qode-btn-custom-hover-color qode-btn-custom-icon-bg-hover-color qode-btn-icon qode-btn-icon-rotate\" data-hover-bg-color=\"#e02925\" data-hover-color=\"#ffffff\" >\n\t    <span class=\"qode-btn-text\">Daha fazla bilgi edin <\/span><span class=\"qode-button-v2-icon-holder\" style=\"border-color: #ffffff;background-color: #e02925\" data-hover-icon-border-color=\"#ffffff\" data-hover-icon-bg-color=\"#e02925\"><i class=\"qodef-icon-dripicons dripicon dripicons-chevron-right qode-button-v2-icon-holder-inner\" ><\/i><\/span>\t<\/a>\n\n[\/qode_elements_holder_item][\/qode_elements_holder][\/vc_column][\/vc_row][vc_row css_animation=&#8221;&#8221; row_type=&#8221;row&#8221; use_row_as_full_screen_section=&#8221;no&#8221; type=&#8221;full_width&#8221; anchor=&#8221;luft-und-raumfahrt&#8221; angled_section=&#8221;no&#8221; text_align=&#8221;left&#8221; background_image_as_pattern=&#8221;without_pattern&#8221; z_index=&#8221;&#8221;][vc_column][qode_elements_holder number_of_columns=&#8221;two_columns&#8221;][qode_elements_holder_item background_color=&#8221;#ffffff&#8221; item_padding=&#8221;160px 20%&#8221; advanced_animations=&#8221;no&#8221; item_padding_1280_1440=&#8221;115px 11% 105px 10%&#8221; item_padding_1024_1280=&#8221;110px 10% 105px 9%&#8221; item_padding_768_1024=&#8221;85px 10% 70px&#8221; item_padding_600_768=&#8221;110px 13% 100px&#8221; item_padding_480_600=&#8221;80px 10%&#8221; item_padding_480=&#8221;80px 10%&#8221;][vc_column_text]<\/p>\n<h1> Ara\u00e7lar <\/h1>\n<p>[\/vc_column_text][vc_empty_space height=&#8221;26px&#8221;][vc_column_text]Hizmetiniz i\u00e7in kaliteli alet \u00fcreticisi C6&#8217;ya g\u00fcvenin.[\/vc_column_text][vc_empty_space height=&#8221;50px&#8221;]\n\n\t<a href=\"\/tr\/hizmet\/kesici-uclar\/\" target=\"_self\" style=\"color: #ffffff;background-color: #e02925\" class=\"qode-btn qode-btn-medium qode-btn-solid qode-btn-custom-hover-bg qode-btn-custom-hover-color qode-btn-custom-icon-bg-hover-color qode-btn-icon qode-btn-icon-rotate\" data-hover-bg-color=\"#e02925\" data-hover-color=\"#ffffff\" >\n\t    <span class=\"qode-btn-text\">Daha fazla bilgi edin <\/span><span class=\"qode-button-v2-icon-holder\" style=\"border-color: #ffffff;background-color: #e02925\" data-hover-icon-border-color=\"#ffffff\" data-hover-icon-bg-color=\"#e02925\"><i class=\"qodef-icon-dripicons dripicon dripicons-chevron-right qode-button-v2-icon-holder-inner\" ><\/i><\/span>\t<\/a>\n\n[\/qode_elements_holder_item][qode_elements_holder_item background_image=&#8221;1728&#8243; cover=&#8221;yes&#8221; advanced_animations=&#8221;no&#8221; item_padding_600_768=&#8221;250px 0px&#8221; item_padding_480_600=&#8221;200px 0px&#8221; item_padding_480=&#8221;200px 0px&#8221;][\/qode_elements_holder_item][\/qode_elements_holder][\/vc_column][\/vc_row][vc_row css_animation=&#8221;&#8221; row_type=&#8221;row&#8221; use_row_as_full_screen_section=&#8221;no&#8221; type=&#8221;full_width&#8221; anchor=&#8221;schienenverkehr&#8221; angled_section=&#8221;no&#8221; text_align=&#8221;left&#8221; background_image_as_pattern=&#8221;without_pattern&#8221; z_index=&#8221;&#8221;][vc_column][qode_elements_holder number_of_columns=&#8221;two_columns&#8221;][qode_elements_holder_item background_image=&#8221;1578&#8243; cover=&#8221;yes&#8221; advanced_animations=&#8221;no&#8221; item_padding_600_768=&#8221;250px 0px&#8221; item_padding_480_600=&#8221;200px 0px&#8221; item_padding_480=&#8221;200px 0px&#8221;][\/qode_elements_holder_item][qode_elements_holder_item item_padding=&#8221;160px 20%&#8221; advanced_animations=&#8221;no&#8221; item_padding_1280_1440=&#8221;115px 11% 105px 10%&#8221; item_padding_1024_1280=&#8221;110px 10% 105px 9%&#8221; item_padding_768_1024=&#8221;85px 10% 70px&#8221; item_padding_600_768=&#8221;110px 13% 100px&#8221; item_padding_480_600=&#8221;80px 10%&#8221; item_padding_480=&#8221;80px 10%&#8221;][vc_column_text]<\/p>\n<h1> Projeler <\/h1>\n<p>[\/vc_column_text][vc_empty_space height=&#8221;26px&#8221;][vc_column_text]Giri\u015f verileri olan m\u00fc\u015fteriler i\u00e7in korumal\u0131 alan.[\/vc_column_text][vc_empty_space height=&#8221;50px&#8221;]\n\n\t<a href=\"\/tr\/hizmet\/projeler\/\" target=\"_self\" style=\"color: #ffffff;background-color: #e02925\" class=\"qode-btn qode-btn-medium qode-btn-solid qode-btn-custom-hover-bg qode-btn-custom-hover-color qode-btn-custom-icon-bg-hover-color qode-btn-icon qode-btn-icon-rotate\" data-hover-bg-color=\"#e02925\" data-hover-color=\"#ffffff\" >\n\t    <span class=\"qode-btn-text\">Daha fazla bilgi edin <\/span><span class=\"qode-button-v2-icon-holder\" style=\"border-color: #ffffff;background-color: #e02925\" data-hover-icon-border-color=\"#ffffff\" data-hover-icon-bg-color=\"#e02925\"><i class=\"qodef-icon-dripicons dripicon dripicons-chevron-right qode-button-v2-icon-holder-inner\" ><\/i><\/span>\t<\/a>\n\n[\/qode_elements_holder_item][\/qode_elements_holder][\/vc_column][\/vc_row][vc_row css_animation=&#8221;&#8221; row_type=&#8221;row&#8221; use_row_as_full_screen_section=&#8221;no&#8221; type=&#8221;full_width&#8221; anchor=&#8221;luft-und-raumfahrt&#8221; angled_section=&#8221;no&#8221; text_align=&#8221;left&#8221; background_image_as_pattern=&#8221;without_pattern&#8221; z_index=&#8221;&#8221;][vc_column][qode_elements_holder number_of_columns=&#8221;two_columns&#8221;][qode_elements_holder_item background_color=&#8221;#ffffff&#8221; item_padding=&#8221;160px 20%&#8221; advanced_animations=&#8221;no&#8221; item_padding_1280_1440=&#8221;115px 11% 105px 10%&#8221; item_padding_1024_1280=&#8221;110px 10% 105px 9%&#8221; item_padding_768_1024=&#8221;85px 10% 70px&#8221; item_padding_600_768=&#8221;110px 13% 100px&#8221; item_padding_480_600=&#8221;80px 10%&#8221; item_padding_480=&#8221;80px 10%&#8221;][vc_column_text]<\/p>\n<h1> \u0130ndirmeler <\/h1>\n<p>[\/vc_column_text][vc_empty_space height=&#8221;26px&#8221;][vc_column_text]C6&#8217;daki t\u00fcm \u00f6nemli belgeler PDF format\u0131nda indirilebilir.[\/vc_column_text][vc_empty_space height=&#8221;50px&#8221;]\n\n\t<a href=\"\/tr\/hizmet\/indirilenler\/\" target=\"_self\" style=\"color: #ffffff;background-color: #e02925\" class=\"qode-btn qode-btn-medium qode-btn-solid qode-btn-custom-hover-bg qode-btn-custom-hover-color qode-btn-custom-icon-bg-hover-color qode-btn-icon qode-btn-icon-rotate\" data-hover-bg-color=\"#e02925\" data-hover-color=\"#ffffff\" >\n\t    <span class=\"qode-btn-text\">Daha fazla bilgi edin <\/span><span class=\"qode-button-v2-icon-holder\" style=\"border-color: #ffffff;background-color: #e02925\" data-hover-icon-border-color=\"#ffffff\" data-hover-icon-bg-color=\"#e02925\"><i class=\"qodef-icon-dripicons dripicon dripicons-chevron-right qode-button-v2-icon-holder-inner\" ><\/i><\/span>\t<\/a>\n\n[\/qode_elements_holder_item][qode_elements_holder_item background_image=&#8221;1576&#8243; cover=&#8221;yes&#8221; advanced_animations=&#8221;no&#8221; item_padding_600_768=&#8221;250px 0px&#8221; item_padding_480_600=&#8221;200px 0px&#8221; item_padding_480=&#8221;200px 0px&#8221;][\/qode_elements_holder_item][\/qode_elements_holder][\/vc_column][\/vc_row]<\/p>\n","protected":false},"excerpt":{"rendered":"<p>[vc_row css_animation=&#8221;&#8221; row_type=&#8221;row&#8221; use_row_as_full_screen_section=&#8221;no&#8221; type=&#8221;full_width&#8221; anchor=&#8221;automotive&#8221; angled_section=&#8221;no&#8221; text_align=&#8221;left&#8221; background_image_as_pattern=&#8221;without_pattern&#8221; z_index=&#8221;&#8221;][vc_column][qode_elements_holder number_of_columns=&#8221;two_columns&#8221;][qode_elements_holder_item background_image=&#8221;1679&#8243; cover=&#8221;yes&#8221; advanced_animations=&#8221;no&#8221; item_padding_600_768=&#8221;250px 0px&#8221; item_padding_480_600=&#8221;200px 0px&#8221; item_padding_480=&#8221;200px 0px&#8221;][\/qode_elements_holder_item][qode_elements_holder_item item_padding=&#8221;160px 20%&#8221; advanced_animations=&#8221;no&#8221; item_padding_1280_1440=&#8221;115px 11% 105px 10%&#8221; item_padding_1024_1280=&#8221;110px 10% 105px 9%&#8221; item_padding_768_1024=&#8221;85px 10% 70px&#8221; item_padding_600_768=&#8221;110px 13% 100px&#8221; item_padding_480_600=&#8221;80px 10%&#8221; item_padding_480=&#8221;80px 10%&#8221;][vc_column_text] Kesici U\u00e7lar [\/vc_column_text][vc_empty_space height=&#8221;21px&#8221;][vc_column_text]Deneyimli&#8230;<\/p>\n","protected":false},"author":1,"featured_media":0,"parent":0,"menu_order":0,"comment_status":"closed","ping_status":"closed","template":"full_width.php","meta":{"inline_featured_image":false,"footnotes":""},"_links":{"self":[{"href":"https:\/\/www.c6-tooling.de\/tr\/wp-json\/wp\/v2\/pages\/3130"}],"collection":[{"href":"https:\/\/www.c6-tooling.de\/tr\/wp-json\/wp\/v2\/pages"}],"about":[{"href":"https:\/\/www.c6-tooling.de\/tr\/wp-json\/wp\/v2\/types\/page"}],"author":[{"embeddable":true,"href":"https:\/\/www.c6-tooling.de\/tr\/wp-json\/wp\/v2\/users\/1"}],"replies":[{"embeddable":true,"href":"https:\/\/www.c6-tooling.de\/tr\/wp-json\/wp\/v2\/comments?post=3130"}],"version-history":[{"count":10,"href":"https:\/\/www.c6-tooling.de\/tr\/wp-json\/wp\/v2\/pages\/3130\/revisions"}],"predecessor-version":[{"id":3647,"href":"https:\/\/www.c6-tooling.de\/tr\/wp-json\/wp\/v2\/pages\/3130\/revisions\/3647"}],"wp:attachment":[{"href":"https:\/\/www.c6-tooling.de\/tr\/wp-json\/wp\/v2\/media?parent=3130"}],"curies":[{"name":"wp","href":"https:\/\/api.w.org\/{rel}","templated":true}]}}