{"id":3317,"date":"2021-05-10T10:28:03","date_gmt":"2021-05-10T08:28:03","guid":{"rendered":"https:\/\/www.c6-tooling.de\/hizmet\/kesici-uclar\/"},"modified":"2021-06-25T15:56:26","modified_gmt":"2021-06-25T13:56:26","slug":"kesici-uclar","status":"publish","type":"page","link":"https:\/\/www.c6-tooling.de\/tr\/hizmet\/kesici-uclar\/","title":{"rendered":"Kesici U\u00e7lar"},"content":{"rendered":"<p>[vc_row css_animation=&#8221;&#8221; row_type=&#8221;row&#8221; use_row_as_full_screen_section=&#8221;no&#8221; type=&#8221;grid&#8221; angled_section=&#8221;no&#8221; text_align=&#8221;left&#8221; background_image_as_pattern=&#8221;without_pattern&#8221; padding_top=&#8221;100&#8243; padding_bottom=&#8221;100&#8243; z_index=&#8221;&#8221;][vc_column width=&#8221;1\/2&#8243;][vc_column_text]<\/p>\n<h2> <span style = \"color: # e02925;\"> Servis <\/span> \u00fcreticiden <\/h2>\n<p>[\/vc_column_text][vc_empty_space height=&#8221;20px&#8221;][vc_column_text]<a href=\"https:\/\/www.c6-tooling.de\/tr\/ueruenler\/\"> Kaliteli kesici u\u00e7lar\u0131n <\/a> \u00fcreticisi C6&#8217;da hizmetinize g\u00fcvenin. Deneyimli \u00e7al\u0131\u015fanlar, son teknoloji sistemler, g\u00fcvenilir i\u015fleme ve yeni ara\u00e7larda oldu\u011fu gibi kalite standartlar\u0131.<\/p>\n<p>&#038; nbsp;<\/p>\n<h5> Hizmetler <\/h5>\n<p>&#038; nbsp;<\/p>\n<div class='q_list circle circle_number animate_list'>\n<ul>\n<li> Yekpare karb\u00fcr tak\u0131mlar\u0131 bileyin <\/li>\n<li> Karb\u00fcr tak\u0131mlar\u0131 bileyin <\/li>\n<li> Yekpare karb\u00fcr tak\u0131mlar\u0131n s\u0131yr\u0131lmas\u0131 veya kaplanmas\u0131 <\/li>\n<li> PCD kesici u\u00e7lar\u0131n yeniden y\u00fcklenmesi <\/li>\n<li> PCD kesici u\u00e7lar\u0131n onar\u0131m\u0131 <\/li>\n<li> Gelen kesici u\u00e7lar\u0131n incelenmesi <\/li>\n<li> Tahmin <\/li>\n<\/ul>\n<p><\/div>[\/vc_column_text][vc_empty_space]\n\n\t<a href=\"\/%20tr%20\/%20ileti\u015fim%20\/%20#%20form%20\" target=\"_self\" style=\"color: #ffffff;background-color: #e02925\" class=\"qode-btn qode-btn-medium qode-btn-solid qode-btn-custom-hover-bg qode-btn-custom-hover-color qode-btn-custom-icon-bg-hover-color qode-btn-icon qode-btn-icon-rotate\" data-hover-bg-color=\"#e02925\" data-hover-color=\"#ffffff\" >\n\t    <span class=\"qode-btn-text\">\u015eimdi sipari\u015f edin <\/span><span class=\"qode-button-v2-icon-holder\" style=\"border-color: #ffffff;background-color: #e02925\" data-hover-icon-border-color=\"#ffffff\" data-hover-icon-bg-color=\"#e02925\"><i class=\"qodef-icon-dripicons dripicon dripicons-chevron-right qode-button-v2-icon-holder-inner\" ><\/i><\/span>\t<\/a>\n\n[\/vc_column][vc_column width=&#8221;1\/2&#8243;][vc_single_image image=&#8221;3385&#8243; img_size=&#8221;full&#8221; qode_css_animation=&#8221;&#8221;][\/vc_column][\/vc_row]<\/p>\n","protected":false},"excerpt":{"rendered":"<p>[vc_row css_animation=&#8221;&#8221; row_type=&#8221;row&#8221; use_row_as_full_screen_section=&#8221;no&#8221; type=&#8221;grid&#8221; angled_section=&#8221;no&#8221; text_align=&#8221;left&#8221; background_image_as_pattern=&#8221;without_pattern&#8221; padding_top=&#8221;100&#8243; padding_bottom=&#8221;100&#8243; z_index=&#8221;&#8221;][vc_column width=&#8221;1\/2&#8243;][vc_column_text] Servis \u00fcreticiden [\/vc_column_text][vc_empty_space height=&#8221;20px&#8221;][vc_column_text] Kaliteli kesici u\u00e7lar\u0131n \u00fcreticisi C6&#8217;da hizmetinize g\u00fcvenin. Deneyimli \u00e7al\u0131\u015fanlar, son teknoloji sistemler, g\u00fcvenilir i\u015fleme ve yeni ara\u00e7larda oldu\u011fu gibi kalite standartlar\u0131. &#038; nbsp; Hizmetler &#038; nbsp; [\/vc_column_text][vc_empty_space][\/vc_column][vc_column width=&#8221;1\/2&#8243;][vc_single_image image=&#8221;3385&#8243;&#8230;<\/p>\n","protected":false},"author":1,"featured_media":0,"parent":3130,"menu_order":0,"comment_status":"closed","ping_status":"closed","template":"full_width.php","meta":{"inline_featured_image":false,"footnotes":""},"_links":{"self":[{"href":"https:\/\/www.c6-tooling.de\/tr\/wp-json\/wp\/v2\/pages\/3317"}],"collection":[{"href":"https:\/\/www.c6-tooling.de\/tr\/wp-json\/wp\/v2\/pages"}],"about":[{"href":"https:\/\/www.c6-tooling.de\/tr\/wp-json\/wp\/v2\/types\/page"}],"author":[{"embeddable":true,"href":"https:\/\/www.c6-tooling.de\/tr\/wp-json\/wp\/v2\/users\/1"}],"replies":[{"embeddable":true,"href":"https:\/\/www.c6-tooling.de\/tr\/wp-json\/wp\/v2\/comments?post=3317"}],"version-history":[{"count":10,"href":"https:\/\/www.c6-tooling.de\/tr\/wp-json\/wp\/v2\/pages\/3317\/revisions"}],"predecessor-version":[{"id":3640,"href":"https:\/\/www.c6-tooling.de\/tr\/wp-json\/wp\/v2\/pages\/3317\/revisions\/3640"}],"up":[{"embeddable":true,"href":"https:\/\/www.c6-tooling.de\/tr\/wp-json\/wp\/v2\/pages\/3130"}],"wp:attachment":[{"href":"https:\/\/www.c6-tooling.de\/tr\/wp-json\/wp\/v2\/media?parent=3317"}],"curies":[{"name":"wp","href":"https:\/\/api.w.org\/{rel}","templated":true}]}}