{"id":3325,"date":"2021-05-11T22:12:20","date_gmt":"2021-05-11T20:12:20","guid":{"rendered":"https:\/\/www.c6-tooling.de\/hizmet\/projeler\/"},"modified":"2021-06-25T15:56:37","modified_gmt":"2021-06-25T13:56:37","slug":"projeler","status":"publish","type":"page","link":"https:\/\/www.c6-tooling.de\/tr\/hizmet\/projeler\/","title":{"rendered":"Projeler"},"content":{"rendered":"<p>[vc_row css_animation=&#8221;&#8221; row_type=&#8221;row&#8221; use_row_as_full_screen_section=&#8221;no&#8221; type=&#8221;grid&#8221; angled_section=&#8221;no&#8221; text_align=&#8221;left&#8221; background_image_as_pattern=&#8221;without_pattern&#8221; padding_top=&#8221;100&#8243; padding_bottom=&#8221;150&#8243; z_index=&#8221;&#8221;][vc_column width=&#8221;1\/2&#8243;][vc_column_text]<\/p>\n<div class = \"entry-content\">\n<h2> <span style = \"color: # e02925;\"> Korunan <\/span> Proje Alan\u0131 <\/h2>\n<h3> (Giri\u015f yap\u0131lmas\u0131 gerekir) <\/h3>\n<\/div>\n<p>[\/vc_column_text][vc_empty_space height=&#8221;20px&#8221;][vc_column_text]Hen\u00fcz giri\u015f veriniz yoksa,<br \/>\n<a href=\"mailto:uwe.widmann@c6-tooling.de?subject=Proje alan\u0131 i\u00e7in ba\u015fvuru\" target=\"_blank\" rel=\"noopener\"> buradan ba\u015fvurabilirsiniz <\/a>.[\/vc_column_text][vc_empty_space height=&#8221;50px&#8221;]\n\n\t<a href=\"https:\/\/akeknebel.sharepoint.com\/sites\/customer\" target=\"_blank\" style=\"color: #ffffff;background-color: #e02925\" class=\"qode-btn qode-btn-medium qode-btn-solid qode-btn-custom-hover-bg qode-btn-custom-hover-color qode-btn-custom-icon-bg-hover-color qode-btn-icon qode-btn-icon-rotate\" data-hover-bg-color=\"#e02925\" data-hover-color=\"#ffffff\" >\n\t    <span class=\"qode-btn-text\">Proje alan\u0131<\/span><span class=\"qode-button-v2-icon-holder\" style=\"border-color: #ffffff;background-color: #e02925\" data-hover-icon-border-color=\"#ffffff\" data-hover-icon-bg-color=\"#e02925\"><i class=\"qodef-icon-dripicons dripicon dripicons-chevron-right qode-button-v2-icon-holder-inner\" ><\/i><\/span>\t<\/a>\n\n[\/vc_column][vc_column width=&#8221;1\/2&#8243;][vc_single_image image=&#8221;3330&#8243; img_size=&#8221;full&#8221; qode_css_animation=&#8221;&#8221;][\/vc_column][\/vc_row]<\/p>\n","protected":false},"excerpt":{"rendered":"<p>[vc_row css_animation=&#8221;&#8221; row_type=&#8221;row&#8221; use_row_as_full_screen_section=&#8221;no&#8221; type=&#8221;grid&#8221; angled_section=&#8221;no&#8221; text_align=&#8221;left&#8221; background_image_as_pattern=&#8221;without_pattern&#8221; padding_top=&#8221;100&#8243; padding_bottom=&#8221;150&#8243; z_index=&#8221;&#8221;][vc_column width=&#8221;1\/2&#8243;][vc_column_text] Korunan Proje Alan\u0131 (Giri\u015f yap\u0131lmas\u0131 gerekir) [\/vc_column_text][vc_empty_space height=&#8221;20px&#8221;][vc_column_text]Hen\u00fcz giri\u015f veriniz yoksa, buradan ba\u015fvurabilirsiniz .[\/vc_column_text][vc_empty_space height=&#8221;50px&#8221;][\/vc_column][vc_column width=&#8221;1\/2&#8243;][vc_single_image image=&#8221;3330&#8243; img_size=&#8221;full&#8221; qode_css_animation=&#8221;&#8221;][\/vc_column][\/vc_row]<\/p>\n","protected":false},"author":1,"featured_media":0,"parent":3130,"menu_order":0,"comment_status":"closed","ping_status":"closed","template":"full_width.php","meta":{"inline_featured_image":false,"footnotes":""},"_links":{"self":[{"href":"https:\/\/www.c6-tooling.de\/tr\/wp-json\/wp\/v2\/pages\/3325"}],"collection":[{"href":"https:\/\/www.c6-tooling.de\/tr\/wp-json\/wp\/v2\/pages"}],"about":[{"href":"https:\/\/www.c6-tooling.de\/tr\/wp-json\/wp\/v2\/types\/page"}],"author":[{"embeddable":true,"href":"https:\/\/www.c6-tooling.de\/tr\/wp-json\/wp\/v2\/users\/1"}],"replies":[{"embeddable":true,"href":"https:\/\/www.c6-tooling.de\/tr\/wp-json\/wp\/v2\/comments?post=3325"}],"version-history":[{"count":7,"href":"https:\/\/www.c6-tooling.de\/tr\/wp-json\/wp\/v2\/pages\/3325\/revisions"}],"predecessor-version":[{"id":3644,"href":"https:\/\/www.c6-tooling.de\/tr\/wp-json\/wp\/v2\/pages\/3325\/revisions\/3644"}],"up":[{"embeddable":true,"href":"https:\/\/www.c6-tooling.de\/tr\/wp-json\/wp\/v2\/pages\/3130"}],"wp:attachment":[{"href":"https:\/\/www.c6-tooling.de\/tr\/wp-json\/wp\/v2\/media?parent=3325"}],"curies":[{"name":"wp","href":"https:\/\/api.w.org\/{rel}","templated":true}]}}