{"id":3334,"date":"2021-05-11T22:16:18","date_gmt":"2021-05-11T20:16:18","guid":{"rendered":"https:\/\/www.c6-tooling.de\/hizmet\/kesici-uclar\/"},"modified":"2021-05-18T13:46:09","modified_gmt":"2021-05-18T11:46:09","slug":"kesici-uclar-2","status":"publish","type":"page","link":"https:\/\/www.c6-tooling.de\/tr\/hizmet\/kesici-uclar-2\/","title":{"rendered":"Kesici U\u00e7lar"},"content":{"rendered":"<p>[vc_row css_animation=&#8221;&#8221; row_type=&#8221;row&#8221; use_row_as_full_screen_section=&#8221;no&#8221; type=&#8221;grid&#8221; angled_section=&#8221;no&#8221; text_align=&#8221;left&#8221; background_image_as_pattern=&#8221;without_pattern&#8221; padding_top=&#8221;100&#8243; padding_bottom=&#8221;100&#8243; z_index=&#8221;&#8221;][vc_column width=&#8221;1\/2&#8243;][vc_column_text]<\/p>\n<h2><span style=\"color: # e02925;\"> Profesyonel <\/span> Hizmet<\/h2>\n<p>[\/vc_column_text][vc_empty_space height=&#8221;20px&#8221;][vc_column_text]Birimleriniz bizimle en iyi ellerde. Deneyimli servis tesisat\u00e7\u0131lar\u0131, <a href=\"https:\/\/www.c6-tooling.de\/tr\/portfolio_page\/cnc-takimlar\/\"> C6 \u00fcnitelerinizi <\/a> yeniden \u015fekillendirir. \u00dcreticinin yeterlili\u011fine g\u00fcvenin!<\/p>\n<p>&nbsp;<\/p>\n<h5>Hizmetler<\/h5>\n<div class='q_list circle circle_number animate_list'>\n<ul>\n<li> Biriminizin de\u011ferini korumak i\u00e7in \u00f6nleyici bak\u0131m <\/li>\n<li> Onar\u0131m ve revizyonlar\u0131n yan\u0131 s\u0131ra a\u015f\u0131nan par\u00e7alar\u0131n (\u00fc\u00e7\u00fcnc\u00fc taraf \u00fcr\u00fcnleri de) de\u011fi\u015ftirilmesi <\/li>\n<li> Mallar\u0131n gelmesinden hasar analizine ve teklifin haz\u0131rlanmas\u0131na kadar genellikle 24 saat s\u00fcrer <\/li>\n<li> C6 \u00fcr\u00fcnleri i\u00e7in s\u0131n\u0131rs\u0131z yedek par\u00e7a bulunabilirli\u011fi <\/li>\n<\/ul>\n<p><\/div>[\/vc_column_text][vc_empty_space]\n\n\t<a href=\"\/tr\/iletisim\/#form\" target=\"_self\" style=\"color: #ffffff;background-color: #e02925\" class=\"qode-btn qode-btn-medium qode-btn-solid qode-btn-custom-hover-bg qode-btn-custom-hover-color qode-btn-custom-icon-bg-hover-color qode-btn-icon qode-btn-icon-rotate\" data-hover-bg-color=\"#e02925\" data-hover-color=\"#ffffff\" >\n\t    <span class=\"qode-btn-text\">\u015eimdi sipari\u015f edin<\/span><span class=\"qode-button-v2-icon-holder\" style=\"border-color: #ffffff;background-color: #e02925\" data-hover-icon-border-color=\"#ffffff\" data-hover-icon-bg-color=\"#e02925\"><i class=\"qodef-icon-dripicons dripicon dripicons-chevron-right qode-button-v2-icon-holder-inner\" ><\/i><\/span>\t<\/a>\n\n[\/vc_column][vc_column width=&#8221;1\/2&#8243;]<div class=\"qode-cards-gallery-holder right\" data-side=right>\n    <div class=\"qode-cards-gallery\">\n                    <div class=\"card\" >\n                                    <img decoding=\"async\" src=\"#\" alt=\"\" class=\"qode-lazy-image\" data-image=\"https:\/\/www.c6-tooling.de\/wp-content\/uploads\/2018\/08\/0005_1.jpg\" style=\"width:1024px;height:1px\"data-ratio=\"1.302734375\" data-lazy=\"true\" \/>\n                            <\/div>\n                    <div class=\"card\" >\n                                    <img decoding=\"async\" src=\"#\" alt=\"\" class=\"qode-lazy-image\" data-image=\"https:\/\/www.c6-tooling.de\/wp-content\/uploads\/2018\/08\/0004_2.jpg\" style=\"width:1024px;height:1px\"data-ratio=\"1.302734375\" data-lazy=\"true\" \/>\n                            <\/div>\n                    <div class=\"card\" >\n                                    <img decoding=\"async\" src=\"#\" alt=\"\" class=\"qode-lazy-image\" data-image=\"https:\/\/www.c6-tooling.de\/wp-content\/uploads\/2018\/08\/0001_5.jpg\" style=\"width:1024px;height:1px\"data-ratio=\"1.302734375\" data-lazy=\"true\" \/>\n                            <\/div>\n                    <div class=\"card\" >\n                                    <img decoding=\"async\" src=\"#\" alt=\"\" class=\"qode-lazy-image\" data-image=\"https:\/\/www.c6-tooling.de\/wp-content\/uploads\/2018\/08\/0000_6.jpg\" style=\"width:1024px;height:1px\"data-ratio=\"1.302734375\" data-lazy=\"true\" \/>\n                            <\/div>\n                    <div class=\"card\" >\n                                    <img decoding=\"async\" src=\"#\" alt=\"\" class=\"qode-lazy-image\" data-image=\"https:\/\/www.c6-tooling.de\/wp-content\/uploads\/2018\/08\/0003_3.jpg\" style=\"width:1024px;height:1px\"data-ratio=\"1.302734375\" data-lazy=\"true\" \/>\n                            <\/div>\n                    <div class=\"card\" >\n                                    <img decoding=\"async\" src=\"#\" alt=\"\" class=\"qode-lazy-image\" data-image=\"https:\/\/www.c6-tooling.de\/wp-content\/uploads\/2018\/08\/0002_4.jpg\" style=\"width:1024px;height:1px\"data-ratio=\"1.302734375\" data-lazy=\"true\" \/>\n                            <\/div>\n            <\/div>\n    <div class=\"fake_card\">\n        <img decoding=\"async\" src=\"https:\/\/www.c6-tooling.de\/wp-content\/uploads\/2018\/08\/0002_4.jpg\" alt=\"\">\n    <\/div>\n<\/div>[\/vc_column][\/vc_row]<\/p>\n","protected":false},"excerpt":{"rendered":"<p>[vc_row css_animation=&#8221;&#8221; row_type=&#8221;row&#8221; use_row_as_full_screen_section=&#8221;no&#8221; type=&#8221;grid&#8221; angled_section=&#8221;no&#8221; text_align=&#8221;left&#8221; background_image_as_pattern=&#8221;without_pattern&#8221; padding_top=&#8221;100&#8243; padding_bottom=&#8221;100&#8243; z_index=&#8221;&#8221;][vc_column width=&#8221;1\/2&#8243;][vc_column_text] Profesyonel Hizmet [\/vc_column_text][vc_empty_space height=&#8221;20px&#8221;][vc_column_text]Birimleriniz bizimle en iyi ellerde. Deneyimli servis tesisat\u00e7\u0131lar\u0131, C6 \u00fcnitelerinizi yeniden \u015fekillendirir. \u00dcreticinin yeterlili\u011fine g\u00fcvenin! &nbsp; Hizmetler [\/vc_column_text][vc_empty_space][\/vc_column][vc_column width=&#8221;1\/2&#8243;][\/vc_column][\/vc_row]<\/p>\n","protected":false},"author":1,"featured_media":0,"parent":3130,"menu_order":0,"comment_status":"closed","ping_status":"closed","template":"full_width.php","meta":{"inline_featured_image":false,"footnotes":""},"_links":{"self":[{"href":"https:\/\/www.c6-tooling.de\/tr\/wp-json\/wp\/v2\/pages\/3334"}],"collection":[{"href":"https:\/\/www.c6-tooling.de\/tr\/wp-json\/wp\/v2\/pages"}],"about":[{"href":"https:\/\/www.c6-tooling.de\/tr\/wp-json\/wp\/v2\/types\/page"}],"author":[{"embeddable":true,"href":"https:\/\/www.c6-tooling.de\/tr\/wp-json\/wp\/v2\/users\/1"}],"replies":[{"embeddable":true,"href":"https:\/\/www.c6-tooling.de\/tr\/wp-json\/wp\/v2\/comments?post=3334"}],"version-history":[{"count":5,"href":"https:\/\/www.c6-tooling.de\/tr\/wp-json\/wp\/v2\/pages\/3334\/revisions"}],"predecessor-version":[{"id":3452,"href":"https:\/\/www.c6-tooling.de\/tr\/wp-json\/wp\/v2\/pages\/3334\/revisions\/3452"}],"up":[{"embeddable":true,"href":"https:\/\/www.c6-tooling.de\/tr\/wp-json\/wp\/v2\/pages\/3130"}],"wp:attachment":[{"href":"https:\/\/www.c6-tooling.de\/tr\/wp-json\/wp\/v2\/media?parent=3334"}],"curies":[{"name":"wp","href":"https:\/\/api.w.org\/{rel}","templated":true}]}}