{"id":3344,"date":"2021-05-11T22:24:37","date_gmt":"2021-05-11T20:24:37","guid":{"rendered":"https:\/\/www.c6-tooling.de\/enduestri-coezuemleri\/"},"modified":"2021-06-25T15:58:47","modified_gmt":"2021-06-25T13:58:47","slug":"enduestri-coezuemleri","status":"publish","type":"page","link":"https:\/\/www.c6-tooling.de\/tr\/enduestri-coezuemleri\/","title":{"rendered":"End\u00fcstri \u00c7\u00f6z\u00fcmleri"},"content":{"rendered":"<p>[vc_row css_animation=&#8221;&#8221; row_type=&#8221;row&#8221; use_row_as_full_screen_section=&#8221;no&#8221; type=&#8221;full_width&#8221; anchor=&#8221;automotive&#8221; angled_section=&#8221;no&#8221; text_align=&#8221;left&#8221; background_image_as_pattern=&#8221;without_pattern&#8221; z_index=&#8221;&#8221;][vc_column][qode_elements_holder number_of_columns=&#8221;two_columns&#8221;][qode_elements_holder_item background_image=&#8221;1868&#8243; cover=&#8221;yes&#8221; advanced_animations=&#8221;no&#8221; item_padding_600_768=&#8221;250px 0px&#8221; item_padding_480_600=&#8221;200px 0px&#8221; item_padding_480=&#8221;200px 0px&#8221;][\/qode_elements_holder_item][qode_elements_holder_item item_padding=&#8221;160px 20%&#8221; advanced_animations=&#8221;no&#8221; item_padding_1280_1440=&#8221;115px 11% 105px 10%&#8221; item_padding_1024_1280=&#8221;110px 10% 105px 9%&#8221; item_padding_768_1024=&#8221;85px 10% 70px&#8221; item_padding_600_768=&#8221;110px 13% 100px&#8221; item_padding_480_600=&#8221;80px 10%&#8221; item_padding_480=&#8221;80px 10%&#8221;][vc_column_text]<\/p>\n<h1> <span style=\"color:#e02925;\">Otomotiv <\/span> <\/h1>\n<p>[\/vc_column_text][vc_empty_space height=&#8221;21px&#8221;][vc_column_text]Karbon ve SMC bile\u015fenlerini i\u015flemek i\u00e7in <a href=\"https:\/\/www.c6-tooling.de\/tr\/portfolio_page\/cnc-takimlar\/\"> toplu \u00e7\u00f6z\u00fcmlerimiz <\/a> b\u00fcy\u00fck tasarruf potansiyeli sa\u011flar. \u00d6rne\u011fin, presleme ara\u00e7lar\u0131, kaymalar\u0131 ortadan kald\u0131rarak \u00e7ok daha uygun maliyetli hale getirilebilir. Ayr\u0131ca, \u00f6rne\u011fin kenar yar\u0131\u00e7aplar\u0131 eklerken manuel ta\u015flama i\u015finin ortadan kald\u0131r\u0131lmas\u0131 \u00e7al\u0131\u015fanlar\u0131 kurtar\u0131r ve proses g\u00fcvenilirli\u011fini \u00f6nemli \u00f6l\u00e7\u00fcde art\u0131r\u0131r.<\/p>\n<p>&nbsp;<\/p>\n<div class='q_list circle circle_number animate_list'>\n<ul>\n<li> \u00d6n kapaklar veya kaputlar gibi g\u00f6vde bile\u015fenlerinde kenar yar\u0131\u00e7aplar\u0131n\u0131n yeniden i\u015flenmeden i\u015flenmesi <\/li>\n<li> Kenar yar\u0131\u00e7apl\u0131 kesiklerin yeniden i\u015flenmeden tan\u0131t\u0131lmas\u0131, \u00f6rne\u011fin \u00fc\u00e7\u00fcnc\u00fc bir fren far\u0131 lambas\u0131n\u0131n kesilmesinde <\/li>\n<li> Tolere edilen derinlikte oluklar a\u00e7mak, \u00f6r. r\u00fczgarl\u0131k takmak i\u00e7in oluk <\/li>\n<li> Tek seferde delme ve hav\u015fa a\u00e7ma <\/li>\n<li> Eri\u015filemeyen yerlerde frezeleme ve delme <\/li>\n<\/ul>\n<p><\/div>[\/vc_column_text][\/qode_elements_holder_item][\/qode_elements_holder][\/vc_column][\/vc_row][vc_row css_animation=&#8221;&#8221; row_type=&#8221;row&#8221; use_row_as_full_screen_section=&#8221;no&#8221; type=&#8221;full_width&#8221; anchor=&#8221;luft-und-raumfahrt&#8221; angled_section=&#8221;no&#8221; text_align=&#8221;left&#8221; background_image_as_pattern=&#8221;without_pattern&#8221; z_index=&#8221;&#8221;][vc_column][qode_elements_holder number_of_columns=&#8221;two_columns&#8221;][qode_elements_holder_item background_color=&#8221;#ffffff&#8221; item_padding=&#8221;160px 20%&#8221; advanced_animations=&#8221;no&#8221; item_padding_1280_1440=&#8221;115px 11% 105px 10%&#8221; item_padding_1024_1280=&#8221;110px 10% 105px 9%&#8221; item_padding_768_1024=&#8221;85px 10% 70px&#8221; item_padding_600_768=&#8221;110px 13% 100px&#8221; item_padding_480_600=&#8221;80px 10%&#8221; item_padding_480=&#8221;80px 10%&#8221;][vc_column_text]<\/p>\n<h1> <span style=\"color: #e02925;\">Havac\u0131l\u0131k ve Uzay <\/span><\/h1>\n<p>[\/vc_column_text][vc_empty_space height=&#8221;26px&#8221;][vc_column_text]<a href=\"https:\/\/www.c6-tooling.de\/tr\/portfolio_page\/cnc-takimlar\/\">Frezeleme ve hav\u015fa \u00fcnitelerimiz <\/a> (TFA ve TSA) ve ayr\u0131ca <a href=\"https:\/\/www.c6-tooling.de\/tr\/portfolio_page\/cnc-takimlar\/\"> a\u00e7\u0131l\u0131 kafalar\u0131m\u0131z <\/a> d\u00fcnya \u00e7ap\u0131nda havac\u0131l\u0131k end\u00fcstrisindeki bile\u015fenleri ekonomik olarak i\u015flemek i\u00e7in kullan\u0131lmaktad\u0131r. Tekrarlanan \u00f6l\u00e7\u00fcm i\u015flemlerini ve manuel yeniden \u00e7al\u0131\u015fmay\u0131 ortadan kald\u0131rarak, %85&#8217;in \u00fczerinde i\u015flem s\u00fcresi tasarrufu etmekteyiz.<\/p>\n<p>&nbsp;<\/p>\n<div class='q_list circle circle_number animate_list'>\n<ul>\n<li> Kompozit malzemeler ve \/ veya al\u00fcminyumdan tek seferlik hav\u015fa a\u00e7ma <\/li>\n<li> Motor muhafazalar\u0131nda petek malzemeleri i\u015flemek <\/li>\n<li> Tolere edilen bir derinli\u011fe sahip kanallar a\u00e7mak, \u00f6rne\u011fin bir motor muhafazas\u0131nda \u00e7evresel bir kanal a\u00e7mak <\/li>\n<li> Eri\u015filemeyen yerlerde frezeleme ve delme <\/li>\n<\/ul>\n<p><\/div>[\/vc_column_text][\/qode_elements_holder_item][qode_elements_holder_item background_image=&#8221;1532&#8243; cover=&#8221;yes&#8221; advanced_animations=&#8221;no&#8221; item_padding_600_768=&#8221;250px 0px&#8221; item_padding_480_600=&#8221;200px 0px&#8221; item_padding_480=&#8221;200px 0px&#8221;][\/qode_elements_holder_item][\/qode_elements_holder][\/vc_column][\/vc_row][vc_row css_animation=&#8221;&#8221; row_type=&#8221;row&#8221; use_row_as_full_screen_section=&#8221;no&#8221; type=&#8221;full_width&#8221; anchor=&#8221;schienenverkehr&#8221; angled_section=&#8221;no&#8221; text_align=&#8221;left&#8221; background_image_as_pattern=&#8221;without_pattern&#8221; z_index=&#8221;&#8221;][vc_column][qode_elements_holder number_of_columns=&#8221;two_columns&#8221;][qode_elements_holder_item background_image=&#8221;1508&#8243; cover=&#8221;yes&#8221; advanced_animations=&#8221;no&#8221; item_padding_600_768=&#8221;250px 0px&#8221; item_padding_480_600=&#8221;200px 0px&#8221; item_padding_480=&#8221;200px 0px&#8221;][\/qode_elements_holder_item][qode_elements_holder_item item_padding=&#8221;160px 20%&#8221; advanced_animations=&#8221;no&#8221; item_padding_1280_1440=&#8221;115px 11% 105px 10%&#8221; item_padding_1024_1280=&#8221;110px 10% 105px 9%&#8221; item_padding_768_1024=&#8221;85px 10% 70px&#8221; item_padding_600_768=&#8221;110px 13% 100px&#8221; item_padding_480_600=&#8221;80px 10%&#8221; item_padding_480=&#8221;80px 10%&#8221;][vc_column_text]<\/p>\n<h1>Demiryolu ta\u015f\u0131mac\u0131l\u0131\u011f\u0131<\/h1>\n<p>[\/vc_column_text][vc_empty_space height=&#8221;26px&#8221;][vc_column_text]<a href=\"https:\/\/www.c6-tooling.de\/tr\/portfolio_page\/cnc-takimlar\/\"> Dokunmatik \u00fcnitelerimizi ve a\u00e7\u0131l\u0131 kafalar\u0131m\u0131z\u0131 <\/a> kullanarak, i\u015fleme s\u00fcre\u00e7leri \u00e7ok daha ekonomik bir \u015fekilde ger\u00e7ekle\u015ftirilebilir. Buradaki odak noktas\u0131, \u00f6l\u00e7\u00fcm ve manuel yeniden \u00e7al\u0131\u015fma s\u00fcrelerinin \u00f6nemli \u00f6l\u00e7\u00fcde azalt\u0131lmas\u0131 veya bu faaliyetlerin tamamen ortadan kald\u0131r\u0131lmas\u0131d\u0131r.<\/p>\n<div class='q_list circle circle_number animate_list'>\n<ul>\n<li> Yan duvarlar\u0131n u\u00e7lar\u0131ndaki i\u00e7 a\u011flar\u0131n i\u015flenmesi <\/li>\n<li> Pencere kesiklerinde i\u00e7 \u00e7ubuklar\u0131n i\u015flenmesi <\/li>\n<li> C profillerinde kesiklerin i\u015flenmesi <\/li>\n<li> Kaynak diki\u015flerini d\u00fczle\u015ftirin <\/li>\n<li> Tek seferde delme ve hav\u015fa a\u00e7ma <\/li>\n<li> Eri\u015filemeyen yerlerde frezeleme ve delme <\/li>\n<\/ul>\n<p><\/div>[\/vc_column_text][\/qode_elements_holder_item][\/qode_elements_holder][\/vc_column][\/vc_row]<\/p>\n","protected":false},"excerpt":{"rendered":"<p>[vc_row css_animation=&#8221;&#8221; row_type=&#8221;row&#8221; use_row_as_full_screen_section=&#8221;no&#8221; type=&#8221;full_width&#8221; anchor=&#8221;automotive&#8221; angled_section=&#8221;no&#8221; text_align=&#8221;left&#8221; background_image_as_pattern=&#8221;without_pattern&#8221; z_index=&#8221;&#8221;][vc_column][qode_elements_holder number_of_columns=&#8221;two_columns&#8221;][qode_elements_holder_item background_image=&#8221;1868&#8243; cover=&#8221;yes&#8221; advanced_animations=&#8221;no&#8221; item_padding_600_768=&#8221;250px 0px&#8221; item_padding_480_600=&#8221;200px 0px&#8221; item_padding_480=&#8221;200px 0px&#8221;][\/qode_elements_holder_item][qode_elements_holder_item item_padding=&#8221;160px 20%&#8221; advanced_animations=&#8221;no&#8221; item_padding_1280_1440=&#8221;115px 11% 105px 10%&#8221; item_padding_1024_1280=&#8221;110px 10% 105px 9%&#8221; item_padding_768_1024=&#8221;85px 10% 70px&#8221; item_padding_600_768=&#8221;110px 13% 100px&#8221; item_padding_480_600=&#8221;80px 10%&#8221; item_padding_480=&#8221;80px 10%&#8221;][vc_column_text] Otomotiv [\/vc_column_text][vc_empty_space height=&#8221;21px&#8221;][vc_column_text]Karbon ve&#8230;<\/p>\n","protected":false},"author":1,"featured_media":0,"parent":0,"menu_order":0,"comment_status":"closed","ping_status":"closed","template":"full_width.php","meta":{"inline_featured_image":false,"footnotes":""},"_links":{"self":[{"href":"https:\/\/www.c6-tooling.de\/tr\/wp-json\/wp\/v2\/pages\/3344"}],"collection":[{"href":"https:\/\/www.c6-tooling.de\/tr\/wp-json\/wp\/v2\/pages"}],"about":[{"href":"https:\/\/www.c6-tooling.de\/tr\/wp-json\/wp\/v2\/types\/page"}],"author":[{"embeddable":true,"href":"https:\/\/www.c6-tooling.de\/tr\/wp-json\/wp\/v2\/users\/1"}],"replies":[{"embeddable":true,"href":"https:\/\/www.c6-tooling.de\/tr\/wp-json\/wp\/v2\/comments?post=3344"}],"version-history":[{"count":10,"href":"https:\/\/www.c6-tooling.de\/tr\/wp-json\/wp\/v2\/pages\/3344\/revisions"}],"predecessor-version":[{"id":3650,"href":"https:\/\/www.c6-tooling.de\/tr\/wp-json\/wp\/v2\/pages\/3344\/revisions\/3650"}],"wp:attachment":[{"href":"https:\/\/www.c6-tooling.de\/tr\/wp-json\/wp\/v2\/media?parent=3344"}],"curies":[{"name":"wp","href":"https:\/\/api.w.org\/{rel}","templated":true}]}}