{"id":3367,"date":"2021-05-18T09:03:00","date_gmt":"2021-05-18T07:03:00","guid":{"rendered":"https:\/\/www.c6-tooling.de\/tarih\/"},"modified":"2021-06-25T16:01:01","modified_gmt":"2021-06-25T14:01:01","slug":"tarih","status":"publish","type":"page","link":"https:\/\/www.c6-tooling.de\/tr\/sirket\/tarih\/","title":{"rendered":"Tarih"},"content":{"rendered":"<p>[vc_row css_animation=&#8221;&#8221; row_type=&#8221;row&#8221; use_row_as_full_screen_section=&#8221;no&#8221; type=&#8221;grid&#8221; angled_section=&#8221;no&#8221; text_align=&#8221;left&#8221; background_image_as_pattern=&#8221;without_pattern&#8221; padding_top=&#8221;100&#8243; padding_bottom=&#8221;180&#8243; z_index=&#8221;&#8221;][vc_column width=&#8221;1\/2&#8243;][vc_column_text]<\/p>\n<h2> <span style = \"color: # e02925;\"> Deneyim <\/span> g\u00fcven yarat\u0131r <\/h2>\n<p>[\/vc_column_text][vc_empty_space height=&#8221;21px&#8221;][vc_column_text]C6 Composite Tooling GmbH, nesiller boyunca ba\u015far\u0131yla y\u00f6netilen bir imalat \u015firketi ile onlarca y\u0131ld\u0131r piyasada bulunan kaliteli tak\u0131mlar i\u00e7in bir ticaret uzman\u0131n\u0131n birle\u015fiminden ortaya \u00e7\u0131kt\u0131.<\/p>\n<p>&nbsp;<\/p>\n<p>Bu nedenle, y\u00f6netimin ve personelin en derin inanc\u0131, yaln\u0131zca <a href=\"https:\/\/www.c6-tooling.de\/tr\/sirket\/felsefe\/\"> kalite ve g\u00fcvenilirli\u011fin <\/a> kal\u0131c\u0131 ba\u015far\u0131ya yol a\u00e7t\u0131\u011f\u0131d\u0131r .[\/vc_column_text][vc_empty_space][\/vc_column][vc_column width=&#8221;1\/2&#8243;][vc_single_image image=&#8221;3370&#8243; img_size=&#8221;full&#8221; qode_css_animation=&#8221;&#8221;][\/vc_column][\/vc_row]<\/p>\n","protected":false},"excerpt":{"rendered":"<p>[vc_row css_animation=&#8221;&#8221; row_type=&#8221;row&#8221; use_row_as_full_screen_section=&#8221;no&#8221; type=&#8221;grid&#8221; angled_section=&#8221;no&#8221; text_align=&#8221;left&#8221; background_image_as_pattern=&#8221;without_pattern&#8221; padding_top=&#8221;100&#8243; padding_bottom=&#8221;180&#8243; z_index=&#8221;&#8221;][vc_column width=&#8221;1\/2&#8243;][vc_column_text] Deneyim g\u00fcven yarat\u0131r [\/vc_column_text][vc_empty_space height=&#8221;21px&#8221;][vc_column_text]C6 Composite Tooling GmbH, nesiller boyunca ba\u015far\u0131yla y\u00f6netilen bir imalat \u015firketi ile onlarca y\u0131ld\u0131r piyasada bulunan kaliteli tak\u0131mlar i\u00e7in bir ticaret uzman\u0131n\u0131n birle\u015fiminden ortaya \u00e7\u0131kt\u0131. &nbsp; Bu nedenle, y\u00f6netimin&#8230;<\/p>\n","protected":false},"author":1,"featured_media":0,"parent":3395,"menu_order":0,"comment_status":"closed","ping_status":"closed","template":"full_width.php","meta":{"inline_featured_image":false,"footnotes":""},"_links":{"self":[{"href":"https:\/\/www.c6-tooling.de\/tr\/wp-json\/wp\/v2\/pages\/3367"}],"collection":[{"href":"https:\/\/www.c6-tooling.de\/tr\/wp-json\/wp\/v2\/pages"}],"about":[{"href":"https:\/\/www.c6-tooling.de\/tr\/wp-json\/wp\/v2\/types\/page"}],"author":[{"embeddable":true,"href":"https:\/\/www.c6-tooling.de\/tr\/wp-json\/wp\/v2\/users\/1"}],"replies":[{"embeddable":true,"href":"https:\/\/www.c6-tooling.de\/tr\/wp-json\/wp\/v2\/comments?post=3367"}],"version-history":[{"count":7,"href":"https:\/\/www.c6-tooling.de\/tr\/wp-json\/wp\/v2\/pages\/3367\/revisions"}],"predecessor-version":[{"id":3666,"href":"https:\/\/www.c6-tooling.de\/tr\/wp-json\/wp\/v2\/pages\/3367\/revisions\/3666"}],"up":[{"embeddable":true,"href":"https:\/\/www.c6-tooling.de\/tr\/wp-json\/wp\/v2\/pages\/3395"}],"wp:attachment":[{"href":"https:\/\/www.c6-tooling.de\/tr\/wp-json\/wp\/v2\/media?parent=3367"}],"curies":[{"name":"wp","href":"https:\/\/api.w.org\/{rel}","templated":true}]}}