{"id":3375,"date":"2021-05-18T09:04:40","date_gmt":"2021-05-18T07:04:40","guid":{"rendered":"https:\/\/www.c6-tooling.de\/kariyer\/"},"modified":"2021-06-25T16:00:14","modified_gmt":"2021-06-25T14:00:14","slug":"kariyer","status":"publish","type":"page","link":"https:\/\/www.c6-tooling.de\/tr\/sirket\/kariyer\/","title":{"rendered":"Kariyer"},"content":{"rendered":"<p>[vc_row css_animation=&#8221;&#8221; row_type=&#8221;row&#8221; use_row_as_full_screen_section=&#8221;no&#8221; type=&#8221;grid&#8221; angled_section=&#8221;no&#8221; text_align=&#8221;left&#8221; background_image_as_pattern=&#8221;without_pattern&#8221; padding_top=&#8221;100&#8243; padding_bottom=&#8221;100&#8243; z_index=&#8221;&#8221;][vc_column width=&#8221;1\/2&#8243;][vc_column_text]<\/p>\n<h2> <span style = \"color: # e02925;\"> Uzmanlar <\/span> ho\u015f geldiniz! <\/h2>\n<p>[\/vc_column_text][vc_empty_space height=&#8221;21px&#8221;][vc_column_text]Geni\u015fleyen bir \u015firketiz ve her zaman motive ve tak\u0131m odakl\u0131 \u00e7al\u0131\u015fanlar ar\u0131yoruz. Ba\u015fvurunuzu almak i\u00e7in sab\u0131rs\u0131zlan\u0131yoruz.<\/p>\n<p>&#038; nbsp;<\/p>\n<p><strong> C6 Composite Tooling GmbH <\/strong><br \/>\nCarl-Benz-Str. 25<br \/>\n74722 Buchen | Almanya<\/p>\n<p>Telefon: +49 6281 528129<br \/>\nFaks: +49 62 81 528188<\/p>\n<div class = \"separator transparent\"> <\/div>\n<p>E-Posta: <a href=\"mailto:info@c6-tooling.de\"> info@c6-tooling.de <\/a>[\/vc_column_text][vc_empty_space height=&#8221;50px&#8221;][\/vc_column][vc_column width=&#8221;1\/2&#8243;][vc_single_image image=&#8221;3377&#8243; img_size=&#8221;full&#8221; qode_css_animation=&#8221;&#8221;][\/vc_column][\/vc_row]<\/p>\n","protected":false},"excerpt":{"rendered":"<p>[vc_row css_animation=&#8221;&#8221; row_type=&#8221;row&#8221; use_row_as_full_screen_section=&#8221;no&#8221; type=&#8221;grid&#8221; angled_section=&#8221;no&#8221; text_align=&#8221;left&#8221; background_image_as_pattern=&#8221;without_pattern&#8221; padding_top=&#8221;100&#8243; padding_bottom=&#8221;100&#8243; z_index=&#8221;&#8221;][vc_column width=&#8221;1\/2&#8243;][vc_column_text] Uzmanlar ho\u015f geldiniz! [\/vc_column_text][vc_empty_space height=&#8221;21px&#8221;][vc_column_text]Geni\u015fleyen bir \u015firketiz ve her zaman motive ve tak\u0131m odakl\u0131 \u00e7al\u0131\u015fanlar ar\u0131yoruz. Ba\u015fvurunuzu almak i\u00e7in sab\u0131rs\u0131zlan\u0131yoruz. &#038; nbsp; C6 Composite Tooling GmbH Carl-Benz-Str. 25 74722 Buchen | Almanya Telefon:&#8230;<\/p>\n","protected":false},"author":1,"featured_media":0,"parent":3395,"menu_order":0,"comment_status":"closed","ping_status":"closed","template":"full_width.php","meta":{"inline_featured_image":false,"footnotes":""},"_links":{"self":[{"href":"https:\/\/www.c6-tooling.de\/tr\/wp-json\/wp\/v2\/pages\/3375"}],"collection":[{"href":"https:\/\/www.c6-tooling.de\/tr\/wp-json\/wp\/v2\/pages"}],"about":[{"href":"https:\/\/www.c6-tooling.de\/tr\/wp-json\/wp\/v2\/types\/page"}],"author":[{"embeddable":true,"href":"https:\/\/www.c6-tooling.de\/tr\/wp-json\/wp\/v2\/users\/1"}],"replies":[{"embeddable":true,"href":"https:\/\/www.c6-tooling.de\/tr\/wp-json\/wp\/v2\/comments?post=3375"}],"version-history":[{"count":7,"href":"https:\/\/www.c6-tooling.de\/tr\/wp-json\/wp\/v2\/pages\/3375\/revisions"}],"predecessor-version":[{"id":3658,"href":"https:\/\/www.c6-tooling.de\/tr\/wp-json\/wp\/v2\/pages\/3375\/revisions\/3658"}],"up":[{"embeddable":true,"href":"https:\/\/www.c6-tooling.de\/tr\/wp-json\/wp\/v2\/pages\/3395"}],"wp:attachment":[{"href":"https:\/\/www.c6-tooling.de\/tr\/wp-json\/wp\/v2\/media?parent=3375"}],"curies":[{"name":"wp","href":"https:\/\/api.w.org\/{rel}","templated":true}]}}