{"id":3391,"date":"2021-05-18T09:08:33","date_gmt":"2021-05-18T07:08:33","guid":{"rendered":"https:\/\/www.c6-tooling.de\/sertifika\/"},"modified":"2025-05-26T12:15:29","modified_gmt":"2025-05-26T10:15:29","slug":"sertifika","status":"publish","type":"page","link":"https:\/\/www.c6-tooling.de\/tr\/sirket\/sertifika\/","title":{"rendered":"Sertifika"},"content":{"rendered":"<p>[vc_row css_animation=&#8221;&#8221; row_type=&#8221;row&#8221; use_row_as_full_screen_section=&#8221;no&#8221; type=&#8221;grid&#8221; angled_section=&#8221;no&#8221; text_align=&#8221;left&#8221; background_image_as_pattern=&#8221;without_pattern&#8221; padding_top=&#8221;100&#8243; padding_bottom=&#8221;100&#8243; z_index=&#8221;&#8221;][vc_column width=&#8221;1\/2&#8243;][vc_column_text]<\/p>\n<h2><span style=\"color: #e02925;\">Y\u00fcksek kalite<\/span> bizim ticari markam\u0131zd\u0131r<\/h2>\n<p>[\/vc_column_text][vc_empty_space height=&#8221;21px&#8221;][vc_column_text]Y\u00fcksek kalite standard\u0131n\u0131 garanti etmek ve sa\u011flamak en \u00f6nemli \u00f6nceli\u011fimizdir. Uzman denet\u00e7ilerimiz, m\u00fc\u015fterilerimize yaln\u0131zca y\u00fcksek kalite standartlar\u0131m\u0131z\u0131 kar\u015f\u0131layan \u00fcr\u00fcnlerin teslim edilmesini sa\u011flar.<\/p>\n<p>&nbsp;<\/p>\n<p>Bu, C6&#8217;n\u0131n size yaln\u0131zca al\u0131\u015ft\u0131\u011f\u0131n\u0131z y\u00fcksek kaliteyi sa\u011flayaca\u011f\u0131ndan emin olabilece\u011finiz anlam\u0131na gelir. \u00dcretim ba\u015flamadan \u00f6nce i\u015fleme s\u00fcrecini sim\u00fcle ediyor, son teknoloji CAX programlar\u0131n\u0131 kullanarak \u00fcr\u00fcn mukavemetini kontrol ediyor ve b\u00f6ylece ilk \u00fcretim ad\u0131m\u0131ndan \u00f6nce bile \u00fcr\u00fcnlerimizin optimum \u00fcretimini garanti <a href=\"https:\/\/www.c6-tooling.de\/tr\/hizmet\/indirilenler\/\">ediyoruz<\/a>.[\/vc_column_text][vc_empty_space height=&#8221;50px&#8221;]<a  itemprop=\"url\" href=\"\/tr\/hizmet\/indirilenler\/\" target=\"_self\"  class=\"qbutton  default\" style=\"\">Sertifikalar\u0131 g\u00f6r\u00fcnt\u00fcle<\/a>[\/vc_column][vc_column width=&#8221;1\/2&#8243;][vc_single_image image=&#8221;4629&#8243; img_size=&#8221;full&#8221; qode_css_animation=&#8221;&#8221;][\/vc_column][\/vc_row]<\/p>\n","protected":false},"excerpt":{"rendered":"<p>[vc_row css_animation=&#8221;&#8221; row_type=&#8221;row&#8221; use_row_as_full_screen_section=&#8221;no&#8221; type=&#8221;grid&#8221; angled_section=&#8221;no&#8221; text_align=&#8221;left&#8221; background_image_as_pattern=&#8221;without_pattern&#8221; padding_top=&#8221;100&#8243; padding_bottom=&#8221;100&#8243; z_index=&#8221;&#8221;][vc_column width=&#8221;1\/2&#8243;][vc_column_text] Y\u00fcksek kalite bizim ticari markam\u0131zd\u0131r [\/vc_column_text][vc_empty_space height=&#8221;21px&#8221;][vc_column_text]Y\u00fcksek kalite standard\u0131n\u0131 garanti etmek ve sa\u011flamak en \u00f6nemli \u00f6nceli\u011fimizdir. Uzman denet\u00e7ilerimiz, m\u00fc\u015fterilerimize yaln\u0131zca y\u00fcksek kalite standartlar\u0131m\u0131z\u0131 kar\u015f\u0131layan \u00fcr\u00fcnlerin teslim edilmesini sa\u011flar. &nbsp; Bu, C6&#8217;n\u0131n size yaln\u0131zca&#8230;<\/p>\n","protected":false},"author":1,"featured_media":0,"parent":3395,"menu_order":0,"comment_status":"closed","ping_status":"closed","template":"full_width.php","meta":{"inline_featured_image":false,"footnotes":""},"_links":{"self":[{"href":"https:\/\/www.c6-tooling.de\/tr\/wp-json\/wp\/v2\/pages\/3391"}],"collection":[{"href":"https:\/\/www.c6-tooling.de\/tr\/wp-json\/wp\/v2\/pages"}],"about":[{"href":"https:\/\/www.c6-tooling.de\/tr\/wp-json\/wp\/v2\/types\/page"}],"author":[{"embeddable":true,"href":"https:\/\/www.c6-tooling.de\/tr\/wp-json\/wp\/v2\/users\/1"}],"replies":[{"embeddable":true,"href":"https:\/\/www.c6-tooling.de\/tr\/wp-json\/wp\/v2\/comments?post=3391"}],"version-history":[{"count":7,"href":"https:\/\/www.c6-tooling.de\/tr\/wp-json\/wp\/v2\/pages\/3391\/revisions"}],"predecessor-version":[{"id":5461,"href":"https:\/\/www.c6-tooling.de\/tr\/wp-json\/wp\/v2\/pages\/3391\/revisions\/5461"}],"up":[{"embeddable":true,"href":"https:\/\/www.c6-tooling.de\/tr\/wp-json\/wp\/v2\/pages\/3395"}],"wp:attachment":[{"href":"https:\/\/www.c6-tooling.de\/tr\/wp-json\/wp\/v2\/media?parent=3391"}],"curies":[{"name":"wp","href":"https:\/\/api.w.org\/{rel}","templated":true}]}}